{"id":13503,"date":"2024-06-10T15:41:34","date_gmt":"2024-06-10T13:41:34","guid":{"rendered":"https:\/\/swissschools25.ahja.biz\/?page_id=13503"},"modified":"2025-12-12T14:12:25","modified_gmt":"2025-12-12T13:12:25","slug":"prevoyance","status":"publish","type":"page","link":"https:\/\/swissschools25.ahja.biz\/fr\/fsep\/prestations-vsp\/prevoyance\/","title":{"rendered":"Pr\u00e9voyance"},"content":{"rendered":"<div class=\"entry\">\n<p>Depuis 1966, la FSEP participe en commun avec six autres organisations de branche \u00e0 la gestion des caisses EXFOUR. La FSEP est repr\u00e9sent\u00e9e dans tous les organes des caisses et y exerce ses droits de participation. De cette mani\u00e8re, la protection des int\u00e9r\u00eats des membres FSEP est garantie.<\/p>\n<p>Aujourd\u2019hui, pr\u00e8s de 130\u00a0membres de la FSEP repr\u00e9sentant une masse salariale d\u2019environ 370\u00a0millions de francs au total b\u00e9n\u00e9ficient des divers services interconnect\u00e9s des caisses EXFOUR.<\/p>\n<p>Les caisses EXFOUR<\/p>\n<ul>\n<li>sont une organisation comp\u00e9titive \u00e0 but non lucratif\u00a0;<\/li>\n<li>sont pr\u00e9sentes dans les 26 cantons de Suisse\u00a0;<\/li>\n<li>proposent, gr\u00e2ce \u00e0 une large diversification de leurs associations professionnelles, des communaut\u00e9s de risque avantageuses\u00a0;<\/li>\n<li>offrent une solution enti\u00e8rement num\u00e9rique pour les t\u00e2ches administratives quotidiennes (connect), accessible en tout lieu et \u00e0 tout moment\u00a0;<\/li>\n<li>proposent leurs conseils en allemand, fran\u00e7ais, italien et anglais\u00a0;<\/li>\n<li>disposent de collaborateurs comp\u00e9tents et serviables, et offrent des d\u00e9lais de traitement courts.<\/li>\n<\/ul>\n<p>&nbsp;<\/p>\n<p><strong>Soutien aupr\u00e8s de la caisse de compensation AVS<\/strong><\/p>\n<p>EXFOUR<\/p>\n<ul>\n<li>\u00e9tablit, dans toute la Suisse, un d\u00e9compte annuel uniforme avec un taux de cotisation aux frais administratifs\u00a0;<\/li>\n<li>propose des contributions administratives avantageuses avec des remboursements ponctuels\u00a0;<\/li>\n<li>g\u00e9n\u00e8re des synergies significatives dans la gestion des allocations familiales et pour la caisse maladie pour indemnit\u00e9s journali\u00e8res.<\/li>\n<\/ul>\n<p>&nbsp;<\/p>\n<p><strong>Soutien aupr\u00e8s de la caisse des allocations familiales<\/strong><\/p>\n<p>EXFOUR<\/p>\n<ul>\n<li>propose des taux de cotisation avantageux, gr\u00e2ce \u00e0 des communaut\u00e9s de risques solides\u00a0;<\/li>\n<li>contacte directement les collaborateurs b\u00e9n\u00e9ficiaires pour les tenir inform\u00e9s de l\u2019examen et de l\u2019attribution des droits aux allocations\u00a0; vous recevez uniquement la d\u00e9cision d\u00e9finitive relative au paiement ou \u00e0 la suspension des allocations familiales\u00a0;<\/li>\n<li>garantit la protection et la confidentialit\u00e9 des donn\u00e9es lors des \u00e9changes avec les collaborateurs\u00a0;<\/li>\n<li>soulage sensiblement le travail du service des ressources humaines sur le plan administratif et financier\u00a0;<\/li>\n<li>\u00e9tablit un seul d\u00e9compte annuel pour les \u00e9coles affili\u00e9es ayant des \u00e9tablissements dans plusieurs cantons\u00a0;<\/li>\n<li>regroupe les d\u00e9dommagements cantonaux suppl\u00e9mentaires sous un unique taux de cotisation, ce qui r\u00e9duit sensiblement le travail administratif.<\/li>\n<\/ul>\n<p>&nbsp;<\/p>\n<p><strong>Soutien aupr\u00e8s de la caisse d\u2019indemnit\u00e9s journali\u00e8res<\/strong><\/p>\n<p>EXFOUR<\/p>\n<ul>\n<li>offre des taux de cotisation avantageux en tant qu\u2019organisation \u00e0 but non lucratif\u00a0;<\/li>\n<li>offre des remboursements g\u00e9n\u00e9reux en cas de bonne marche des affaires\u00a0;<\/li>\n<li>d\u00e9charge l\u2019employeur de l\u2019obligation de verser le salaire\u00a0;<\/li>\n<li>offre des solutions d\u2019assurance flexibles concernant le montant des indemnit\u00e9s journali\u00e8res et la dur\u00e9e d\u2019ajournement\u00a0;<\/li>\n<li>assure un \u00e9troit soutien individuel aux collaborateurs b\u00e9n\u00e9ficiaires en cas d\u2019absence\u00a0;<\/li>\n<li>g\u00e9n\u00e8re des gains de synergie gr\u00e2ce \u00e0 son exp\u00e9rience et ses comp\u00e9tences dans les domaines de l\u2019AVS et de l\u2019AI.<\/li>\n<\/ul>\n<p>&nbsp;<\/p>\n<p>Si vous \u00eates int\u00e9ress\u00e9, n\u2019h\u00e9sitez pas \u00e0 prendre contact directement avec EXFOUR.<\/p>\n<p>EXFOUR<br \/>\nMalzgasse 16<br \/>\n4052 Basel<br \/>\n+41 61 206 00 00<br \/>\n<a href=\"mailto:info@exfour.ch\">info@exfour.ch<\/a><br \/>\n<a href=\"https:\/\/exfour.ch\/de\/exfour\">www.exfour.ch\u00a0<\/a><\/p>\n<p><img loading=\"lazy\" decoding=\"async\" class=\"\" style=\"font-family: 'PT Serif', TimesNewRoman, 'Times New Roman', Times, Baskerville, Georgia, serif; font-size: 24px; font-weight: bold;\" src=\"https:\/\/exfour.ch\/gallery\/full\/1\/exfourallde@2x.jpg\" width=\"775\" height=\"114\" \/><\/p>\n<\/div>\n","protected":false},"excerpt":{"rendered":"<p>Depuis 1966, la FSEP participe en commun avec six autres organisations de branche \u00e0 la gestion des caisses EXFOUR. La FSEP est repr\u00e9sent\u00e9e dans tous les organes des caisses et y exerce ses droits de participation. De cette mani\u00e8re, la protection des int\u00e9r\u00eats des membres FSEP est garantie. Aujourd\u2019hui, pr\u00e8s de 130\u00a0membres de la FSEP &#8230;<\/p>\n","protected":false},"author":15,"featured_media":19805,"parent":6293,"menu_order":0,"comment_status":"closed","ping_status":"closed","template":"","meta":{"_acf_changed":false,"_seopress_robots_primary_cat":"","_seopress_titles_title":"","_seopress_titles_desc":"","_seopress_robots_index":"","footnotes":""},"class_list":["post-13503","page","type-page","status-publish","has-post-thumbnail"],"acf":{"banner_title":"","bg_color":"","page_top_content":{"heading":"Les \u00e9coles membres de la FSEP b\u00e9n\u00e9ficient de solutions de pr\u00e9voyance attractives","sub_heading":"Pr\u00e9voyance","content":"<strong>La F\u00e9d\u00e9ration suisse des \u00e9coles priv\u00e9es FSEP participe \u00e0 la gestion des caisses EXFOUR (caisse de compensation AVS, caisse des allocations familiales et caisse d\u2019indemnit\u00e9s journali\u00e8res en cas de maladie). Nous sommes ainsi en mesure de proposer \u00e0 nos membres des solutions de pr\u00e9voyance attractives.<\/strong>","icon":19216},"custom_boxes":{"content_box":null,"contact_box":{"icon":"","title":"","description":"","phone_number":"","email_address":""}},"news_heading":""},"_links":{"self":[{"href":"https:\/\/swissschools25.ahja.biz\/fr\/wp-json\/wp\/v2\/pages\/13503","targetHints":{"allow":["GET"]}}],"collection":[{"href":"https:\/\/swissschools25.ahja.biz\/fr\/wp-json\/wp\/v2\/pages"}],"about":[{"href":"https:\/\/swissschools25.ahja.biz\/fr\/wp-json\/wp\/v2\/types\/page"}],"author":[{"embeddable":true,"href":"https:\/\/swissschools25.ahja.biz\/fr\/wp-json\/wp\/v2\/users\/15"}],"replies":[{"embeddable":true,"href":"https:\/\/swissschools25.ahja.biz\/fr\/wp-json\/wp\/v2\/comments?post=13503"}],"version-history":[{"count":11,"href":"https:\/\/swissschools25.ahja.biz\/fr\/wp-json\/wp\/v2\/pages\/13503\/revisions"}],"predecessor-version":[{"id":19577,"href":"https:\/\/swissschools25.ahja.biz\/fr\/wp-json\/wp\/v2\/pages\/13503\/revisions\/19577"}],"up":[{"embeddable":true,"href":"https:\/\/swissschools25.ahja.biz\/fr\/wp-json\/wp\/v2\/pages\/6293"}],"wp:featuredmedia":[{"embeddable":true,"href":"https:\/\/swissschools25.ahja.biz\/fr\/wp-json\/wp\/v2\/media\/19805"}],"wp:attachment":[{"href":"https:\/\/swissschools25.ahja.biz\/fr\/wp-json\/wp\/v2\/media?parent=13503"}],"curies":[{"name":"wp","href":"https:\/\/api.w.org\/{rel}","templated":true}]}}