{"id":14393,"date":"2024-10-21T15:43:39","date_gmt":"2024-10-21T13:43:39","guid":{"rendered":"https:\/\/swissschools25.ahja.biz\/fuer-schueler-studierende-und-eltern\/"},"modified":"2026-01-14T10:57:15","modified_gmt":"2026-01-14T09:57:15","slug":"pour-les-eleves-les-etudiants-et-les-parents","status":"publish","type":"page","link":"https:\/\/swissschools25.ahja.biz\/fr\/pour-les-eleves-les-etudiants-et-les-parents\/","title":{"rendered":"Pour les \u00e9l\u00e8ves, les \u00e9tudiants et les parents"},"content":{"rendered":"<div class=\"entry\">\n<p>La Suisse compte parmi les lieux de formation les plus attractifs au monde. Nos \u00e9coles priv\u00e9es contribuent de mani\u00e8re significative \u00e0 fa\u00e7onner cette image. Les \u00e9l\u00e8ves et les \u00e9tudiants b\u00e9n\u00e9ficient d\u2019un environnement d\u2019apprentissage id\u00e9al dans lequel d\u00e9velopper leur potentiel de fa\u00e7on optimale.<\/p>\n<p>Nos \u00e9coles membres sont l\u2019incarnation m\u00eame de la qualit\u00e9 suisse. Elles repr\u00e9sentent la fiabilit\u00e9, l\u2019innovation et l\u2019ouverture sur le monde, ainsi que la discr\u00e9tion, la s\u00e9curit\u00e9, le respect et la courtoisie. De plus, la Suisse jouit d\u2019un cadre d\u2019apprentissage id\u00e9al et motivant\u00a0de par sa stabilit\u00e9 politique, ses paysages grandioses, ses villes attrayantes et son offre culturelle vari\u00e9e.<\/p>\n<div class=\"popup\"><\/div>\n<\/div>\n","protected":false},"excerpt":{"rendered":"<p>La Suisse compte parmi les lieux de formation les plus attractifs au monde. Nos \u00e9coles priv\u00e9es contribuent de mani\u00e8re significative \u00e0 fa\u00e7onner cette image. Les \u00e9l\u00e8ves et les \u00e9tudiants b\u00e9n\u00e9ficient d\u2019un environnement d\u2019apprentissage id\u00e9al dans lequel d\u00e9velopper leur potentiel de fa\u00e7on optimale. Nos \u00e9coles membres sont l\u2019incarnation m\u00eame de la qualit\u00e9 suisse. Elles repr\u00e9sentent la &#8230;<\/p>\n","protected":false},"author":15,"featured_media":19239,"parent":0,"menu_order":0,"comment_status":"closed","ping_status":"closed","template":"","meta":{"_acf_changed":false,"_seopress_robots_primary_cat":"","_seopress_titles_title":"","_seopress_titles_desc":"","_seopress_robots_index":"","footnotes":""},"class_list":["post-14393","page","type-page","status-publish","has-post-thumbnail"],"acf":{"banner_title":"&nbsp;\r\n<div class=\"popup\"><\/div>","bg_color":"rgba(255,255,255,0.7)","page_top_content":{"heading":"Ecoles membres de la FSEP : qualit\u00e9, innovation et accompagnement individuel","sub_heading":"Pour les \u00e9l\u00e8ves, les \u00e9tudiants et les parents","content":"<strong>Les \u00e9coles membres de la F\u00e9d\u00e9ration suisse des \u00e9coles priv\u00e9es FSEP se distinguent par leurs concepts p\u00e9dagogiques innovants, l\u2019accompagnement individuel, la qualit\u00e9 \u00e9lev\u00e9e de l\u2019enseignement ainsi que par une conscience marqu\u00e9e du multilinguisme et de la diversit\u00e9 culturelle. Elles compl\u00e8tent ainsi parfaitement l\u2019offre \u00e9ducative publique propos\u00e9e en Suisse.<\/strong>\r\n<div class=\"popup\"><\/div>","icon":18663},"custom_boxes":{"content_box":[{"icon":18686,"title":"Offres de formation","description":"D\u00e9couvrez les \u00e9coles membres de la FSEP et leurs offres de formation.","button":{"title":"plus d'infos","button_type":"page","page_link":6304,"url":"","file":null}},{"icon":18690,"title":"Bourses d\u2019\u00e9tudes","description":"D\u00e9couvrez les bourses d\u2019\u00e9tudes de la Fondation des \u00e9coles priv\u00e9es suisses.","button":{"title":"plus d'infos","button_type":"page","page_link":9234,"url":"","file":null}}],"contact_box":{"icon":18682,"title":"Conseil","description":"Vous souhaitez un conseil personnalis\u00e9 ? Contactez-nous par t\u00e9l\u00e9phone ou \u00e9crivez-nous.","phone_number":"+41 31 328 40 50","email_address":"info@swiss-schools.ch"}},"news_heading":"Actualit\u00e9s de nos \u00e9coles membres"},"_links":{"self":[{"href":"https:\/\/swissschools25.ahja.biz\/fr\/wp-json\/wp\/v2\/pages\/14393","targetHints":{"allow":["GET"]}}],"collection":[{"href":"https:\/\/swissschools25.ahja.biz\/fr\/wp-json\/wp\/v2\/pages"}],"about":[{"href":"https:\/\/swissschools25.ahja.biz\/fr\/wp-json\/wp\/v2\/types\/page"}],"author":[{"embeddable":true,"href":"https:\/\/swissschools25.ahja.biz\/fr\/wp-json\/wp\/v2\/users\/15"}],"replies":[{"embeddable":true,"href":"https:\/\/swissschools25.ahja.biz\/fr\/wp-json\/wp\/v2\/comments?post=14393"}],"version-history":[{"count":16,"href":"https:\/\/swissschools25.ahja.biz\/fr\/wp-json\/wp\/v2\/pages\/14393\/revisions"}],"predecessor-version":[{"id":20100,"href":"https:\/\/swissschools25.ahja.biz\/fr\/wp-json\/wp\/v2\/pages\/14393\/revisions\/20100"}],"wp:featuredmedia":[{"embeddable":true,"href":"https:\/\/swissschools25.ahja.biz\/fr\/wp-json\/wp\/v2\/media\/19239"}],"wp:attachment":[{"href":"https:\/\/swissschools25.ahja.biz\/fr\/wp-json\/wp\/v2\/media?parent=14393"}],"curies":[{"name":"wp","href":"https:\/\/api.w.org\/{rel}","templated":true}]}}