{"id":6203,"date":"2021-05-23T15:37:35","date_gmt":"2021-05-23T13:37:35","guid":{"rendered":"https:\/\/swissschools25.ahja.biz\/?page_id=6203"},"modified":"2026-01-06T05:04:46","modified_gmt":"2026-01-06T04:04:46","slug":"affiliation","status":"publish","type":"page","link":"https:\/\/swissschools25.ahja.biz\/fr\/fsep\/affiliation\/","title":{"rendered":"Affiliation"},"content":{"rendered":"<div class=\"entry\">\n<p>Peuvent devenir membres de la FSEP les \u00e9coles priv\u00e9es suisses qui existent depuis au moins deux ans, attestent de la qualit\u00e9 de leur \u00e9tablissement (voir Assurance qualit\u00e9) et remplissent les autres exigences figurant dans le r\u00e8glement d\u2019adh\u00e9sion \u00e0 la FSEP.<\/p>\n<ul>\n<li><strong><a href=\"https:\/\/swissschools25.ahja.biz\/wp-content\/uploads\/2025\/11\/02-VSP-Statuten_FR_mit-Aenderung-vom-21.06.2024.pdf\">Status de la FSEP<\/a><\/strong><\/li>\n<li><a href=\"https:\/\/swissschools25.ahja.biz\/wp-content\/uploads\/2025\/11\/240813-Mitgliedschaftsreglement-VSP_final-F.pdf\"><strong>R\u00e8glement d&rsquo;adh\u00e9sion \u00e0 la FSEP<\/strong><\/a><\/li>\n<\/ul>\n<p>Les \u00e9coles priv\u00e9es \u00e9tablies dans les cantons de Vaud ou de Gen\u00e8ve doivent pr\u00e9alablement avoir \u00e9t\u00e9 affili\u00e9es \u00e0 l\u2019association r\u00e9gionale correspondante\u00a0:<\/p>\n<ul>\n<li><strong><a href=\"https:\/\/avdep.ch\/\">Association Vaudoise des Ecoles Priv\u00e9es<\/a><\/strong><\/li>\n<li><strong><a href=\"https:\/\/www.agep.ch\/\">Association Genevoise des Ecoles Priv\u00e9es<\/a><\/strong><\/li>\n<\/ul>\n<p><strong>\u00a0<\/strong><\/p>\n<h3><strong>Cotisations de membre<\/strong><\/h3>\n<p>L\u2019affiliation \u00e0 la FSEP co\u00fbte entre 450 et 3500 francs par an, selon la taille de l\u2019\u00e9cole. La masse salariale soumise \u00e0 l\u2019AVS est d\u00e9terminante. Les \u00e9coles membres nouvellement admises s\u2019acquittent d\u2019un droit d\u2019entr\u00e9e unique. En outre, toutes les \u00e9coles membres versent une contribution au <a href=\"https:\/\/swissschools25.ahja.biz\/fr\/pour-les-eleves-les-etudiants-et-les-parents\/bourses-detudes\/\" target=\"_blank\" rel=\"noopener\">fonds pour les bourses d&rsquo;\u00e9tudes de la FSEP.<\/a><\/p>\n<ul>\n<li><a href=\"https:\/\/swissschools25.ahja.biz\/wp-content\/uploads\/2025\/11\/04-Beitragsordnung-FR.pdf\"><strong>R\u00e8glement relatif aux cotisations<\/strong><\/a><\/li>\n<\/ul>\n<p><strong>\u00a0<\/strong><\/p>\n<h3><strong>Inscription<\/strong><\/h3>\n<p>Rejoignez notre communaut\u00e9. Envoyez-nous votre demande d\u2019adh\u00e9sion accompagn\u00e9e des documents requis, par voie postale ou par <a href=\"http:\/\/C:\\Users\\rolf\\Desktop\\PCloud\\Kunden\\VSP\\Website\\info@swiss-schools.ch\">email<\/a>.<\/p>\n<ul>\n<li><strong><a href=\"https:\/\/swissschools25.ahja.biz\/wp-content\/uploads\/2025\/11\/03-Aufnahmeformular-VSP_DE_ab-2024_FR_form.pdf\">Formulaire de demande d&rsquo;adh\u00e9sion<\/a><\/strong><\/li>\n<\/ul>\n<p>&nbsp;<\/p>\n<p>Vous avez des questions ? N\u2019h\u00e9sitez pas \u00e0 contacter notre secr\u00e9tariat g\u00e9n\u00e9ral au +41 31 328 40 50 ou par <a href=\"http:\/\/C:\\Users\\rolf\\Desktop\\PCloud\\Kunden\\VSP\\Website\\info@swiss-schools.ch\">email<\/a>.<\/p>\n<p>Bienvenue \u00e0 la FSEP.<\/p>\n<\/div>\n","protected":false},"excerpt":{"rendered":"<p>Peuvent devenir membres de la FSEP les \u00e9coles priv\u00e9es suisses qui existent depuis au moins deux ans, attestent de la qualit\u00e9 de leur \u00e9tablissement (voir Assurance qualit\u00e9) et remplissent les autres exigences figurant dans le r\u00e8glement d\u2019adh\u00e9sion \u00e0 la FSEP. Status de la FSEP R\u00e8glement d&rsquo;adh\u00e9sion \u00e0 la FSEP Les \u00e9coles priv\u00e9es \u00e9tablies dans les &#8230;<\/p>\n","protected":false},"author":1,"featured_media":19891,"parent":9135,"menu_order":0,"comment_status":"closed","ping_status":"closed","template":"","meta":{"_acf_changed":false,"_seopress_robots_primary_cat":"","_seopress_titles_title":"","_seopress_titles_desc":"","_seopress_robots_index":"","footnotes":""},"class_list":["post-6203","page","type-page","status-publish","has-post-thumbnail"],"acf":{"banner_title":"<h2><\/h2>","bg_color":"rgba(0,0,0,0.29)","page_top_content":{"heading":"Devenir membre de la F\u00e9d\u00e9ration suisse des \u00e9coles priv\u00e9es","sub_heading":"Affiliation","content":"<strong>En devenant membre de la F\u00e9d\u00e9ration suisse des \u00e9coles priv\u00e9es FSEP, vous soutenez notre engagement en faveur de conditions-cadres \u00e9quitables pour les \u00e9coles priv\u00e9es. Dans le m\u00eame temps, vous profitez de prestations attractives et de notre label qualit\u00e9.<\/strong>","icon":18749},"custom_boxes":{"content_box":[{"icon":18745,"title":"Prestations","description":"D\u00e9couvrez nos prestations.","button":{"title":"plus","button_type":"page","page_link":6293,"url":"","file":null}},{"icon":19200,"title":"Assurance qualit\u00e9","description":"D\u00e9couvrez notre syst\u00e8me d\u2019assurance qualit\u00e9.","button":{"title":"plus","button_type":"page","page_link":6405,"url":"","file":null}}],"contact_box":{"icon":18682,"title":"Questions","description":"Nous sommes \u00e0 votre disposition pour toute question concernant l'adh\u00e9sion. ","phone_number":"+41 31 328 40 50","email_address":"info@swiss-schools.ch"}},"news_heading":""},"_links":{"self":[{"href":"https:\/\/swissschools25.ahja.biz\/fr\/wp-json\/wp\/v2\/pages\/6203","targetHints":{"allow":["GET"]}}],"collection":[{"href":"https:\/\/swissschools25.ahja.biz\/fr\/wp-json\/wp\/v2\/pages"}],"about":[{"href":"https:\/\/swissschools25.ahja.biz\/fr\/wp-json\/wp\/v2\/types\/page"}],"author":[{"embeddable":true,"href":"https:\/\/swissschools25.ahja.biz\/fr\/wp-json\/wp\/v2\/users\/1"}],"replies":[{"embeddable":true,"href":"https:\/\/swissschools25.ahja.biz\/fr\/wp-json\/wp\/v2\/comments?post=6203"}],"version-history":[{"count":17,"href":"https:\/\/swissschools25.ahja.biz\/fr\/wp-json\/wp\/v2\/pages\/6203\/revisions"}],"predecessor-version":[{"id":19898,"href":"https:\/\/swissschools25.ahja.biz\/fr\/wp-json\/wp\/v2\/pages\/6203\/revisions\/19898"}],"up":[{"embeddable":true,"href":"https:\/\/swissschools25.ahja.biz\/fr\/wp-json\/wp\/v2\/pages\/9135"}],"wp:featuredmedia":[{"embeddable":true,"href":"https:\/\/swissschools25.ahja.biz\/fr\/wp-json\/wp\/v2\/media\/19891"}],"wp:attachment":[{"href":"https:\/\/swissschools25.ahja.biz\/fr\/wp-json\/wp\/v2\/media?parent=6203"}],"curies":[{"name":"wp","href":"https:\/\/api.w.org\/{rel}","templated":true}]}}