{"id":6293,"date":"2021-05-20T11:31:01","date_gmt":"2021-05-20T09:31:01","guid":{"rendered":"https:\/\/swissschools25.ahja.biz\/?page_id=6293"},"modified":"2026-01-06T05:30:45","modified_gmt":"2026-01-06T04:30:45","slug":"prestations-vsp","status":"publish","type":"page","link":"https:\/\/swissschools25.ahja.biz\/fr\/fsep\/prestations-vsp\/","title":{"rendered":"Prestations"},"content":{"rendered":"<div class=\"entry\">\n<h3><strong>La FSEP transmet son expertise<\/strong><\/h3>\n<p><strong>Savoir\u00a0:<\/strong> vous recevez des informations actuelles sur des sujets relatifs \u00e0 la politique \u00e9ducative et \u00e0 l\u2019organisation scolaire \u00e0 l\u2019occasion de r\u00e9unions et de manifestations.<\/p>\n<p><strong>Renseignements juridiques :<\/strong> vous \u00eates tenu inform\u00e9 en temps utile des \u00e9volutions de la l\u00e9gislation et b\u00e9n\u00e9ficiez d\u2019un conseil juridique \u00e0 des conditions pr\u00e9f\u00e9rentielles (30\u00a0premi\u00e8res minutes gratuites). <strong><a href=\"https:\/\/swissschools25.ahja.biz\/fr\/dienstleistungen-vsp\/renseignements-juridiques-pour-les-ecoles-membres-de-la-fsep\/\" target=\"_blank\" rel=\"noopener\">En savoir plus<\/a><\/strong><\/p>\n<p><strong>R\u00e9seau\u00a0:<\/strong> vous faites partie de notre r\u00e9seau et pouvez ainsi \u00e9changer avec des repr\u00e9sentants d\u2019autres \u00e9coles priv\u00e9es.<\/p>\n<p><strong>\u00a0<\/strong><\/p>\n<h3><strong>La FSEP r\u00e9duit les frais<\/strong><\/h3>\n<p><strong>Assurance\u00a0:<\/strong> vous avez acc\u00e8s \u00e0 des solutions d\u2019assurances avantageuses adapt\u00e9es aux besoins des \u00e9coles priv\u00e9es. <strong><a href=\"https:\/\/swissschools25.ahja.biz\/fr\/dienstleistungen-vsp\/versicherungen\/\" target=\"_blank\" rel=\"noopener\">En savoir plus<\/a><\/strong><\/p>\n<p><strong>Compensation AVS et allocations familiales : <\/strong>vous profitez des prestations et des conditions avantageuses de la caisse de compensation EXFOUR.<br \/>\n<strong><a href=\"https:\/\/swissschools25.ahja.biz\/fr\/dienstleistungen-vsp\/caisses-exfour\/\" target=\"_blank\" rel=\"noopener\">En savoir plus<\/a><\/strong><\/p>\n<p><strong>Internet :<\/strong> gr\u00e2ce \u00e0 un contrat de parrainage avec Swisscom, vous b\u00e9n\u00e9ficiez d\u2019un acc\u00e8s Internet \u00e0 haut d\u00e9bit \u00e0 un prix attractif. <strong><a href=\"https:\/\/swissschools25.ahja.biz\/fr\/dienstleistungen-vsp\/internet-a-lecole\/\" target=\"_blank\" rel=\"noopener\">En savoir plus<\/a><\/strong><\/p>\n<p><strong>\u00a0<\/strong><\/p>\n<h3><strong>La FSEP vous aide \u00e0 vous positionner sur le march\u00e9<\/strong><\/h3>\n<p><strong>Qualit\u00e9 : <\/strong>en adh\u00e9rant \u00e0 la FSEP, vous renforcez votre image et instaurez un climat de confiance. <strong><a href=\"https:\/\/swissschools25.ahja.biz\/fr\/dienstleistungen-vsp\/qualitaetssicherung\/\" target=\"_blank\" rel=\"noopener\">En savoir plus<\/a><\/strong><\/p>\n<p><strong>Registre des \u00e9coles priv\u00e9es\u00a0:<\/strong> vous b\u00e9n\u00e9ficiez d\u2019un rabais de 50\u00a0% sur les frais d\u2019inscription au Registre des \u00e9coles priv\u00e9es en Suisse. <strong><a href=\"https:\/\/swissprivateschoolregister.com\/\" target=\"_blank\" rel=\"noopener\">En savoir plus<\/a><\/strong><\/p>\n<p><strong>Visibilit\u00e9\u00a0:<\/strong> votre inscription dans notre Guide des \u00e9coles priv\u00e9es et votre pr\u00e9sence (gratuite) sur notre site Internet vous permettent d\u2019accro\u00eetre votre visibilit\u00e9. <strong><a href=\"https:\/\/swissschools25.ahja.biz\/dienstleistungen-vsp\/publikationen\/\" target=\"_blank\" rel=\"noopener\">En savoir plus<\/a><\/strong><\/p>\n<p><strong>Choix de l\u2019\u00e9cole\u00a0:<\/strong> vous profitez de nos prestations de conseil destin\u00e9es aux ressortissants suisses ou \u00e9trangers \u00e0 la recherche d\u2019une \u00e9cole priv\u00e9e. <strong><a href=\"https:\/\/swissschools25.ahja.biz\/fr\/pour-les-eleves-les-etudiants-et-les-parents\/offres-de-formation\/\" target=\"_blank\" rel=\"noopener\">En savoir plus<\/a><\/strong><\/p>\n<p><strong>Bourses d\u2019\u00e9tudes\u00a0:<\/strong> vos \u00e9l\u00e8ves peuvent pr\u00e9tendre \u00e0 une bourse d\u2019\u00e9tudes octroy\u00e9e par notre Fondation des \u00e9coles priv\u00e9es suisses. <strong><a href=\"https:\/\/swissschools25.ahja.biz\/fr\/fuer-schueler-studierende-und-eltern\/bourses\/\" target=\"_blank\" rel=\"noopener\">En savoir plus<\/a><\/strong><\/p>\n<p>&nbsp;<\/p>\n<h3><strong>La FSEP d\u00e9livre des cartes d\u2019enseignant<\/strong><\/h3>\n<p>Pour votre \u00e9cole, la FSEP d\u00e9livre des cartes d\u2019enseignant en allemand, fran\u00e7ais et italien. <strong><a href=\"https:\/\/swissschools25.ahja.biz\/fr\/dienstleistungen-vsp\/lehrerausweise\/\" target=\"_blank\" rel=\"noopener\">En savoir plus<\/a><\/strong><\/p>\n<\/div>\n","protected":false},"excerpt":{"rendered":"<p>La FSEP transmet son expertise Savoir\u00a0: vous recevez des informations actuelles sur des sujets relatifs \u00e0 la politique \u00e9ducative et \u00e0 l\u2019organisation scolaire \u00e0 l\u2019occasion de r\u00e9unions et de manifestations. Renseignements juridiques : vous \u00eates tenu inform\u00e9 en temps utile des \u00e9volutions de la l\u00e9gislation et b\u00e9n\u00e9ficiez d\u2019un conseil juridique \u00e0 des conditions pr\u00e9f\u00e9rentielles (30\u00a0premi\u00e8res &#8230;<\/p>\n","protected":false},"author":1,"featured_media":19902,"parent":9135,"menu_order":0,"comment_status":"closed","ping_status":"closed","template":"","meta":{"_acf_changed":false,"_seopress_robots_primary_cat":"","_seopress_titles_title":"","_seopress_titles_desc":"","_seopress_robots_index":"","footnotes":""},"class_list":["post-6293","page","type-page","status-publish","has-post-thumbnail"],"acf":{"banner_title":"","bg_color":"rgba(255,255,255,0.7)","page_top_content":{"heading":"Les \u00e9coles membres de la FSEP b\u00e9n\u00e9ficient de prestations attractives","sub_heading":"Prestations","content":"<strong>La F\u00e9d\u00e9ration suisse des \u00e9coles priv\u00e9es FSEP offre \u00e0 ses membres un large \u00e9ventail de prestations, du transfert de connaissances aux solutions d\u2019assurances et de conseil juridique, en passant par la promotion des \u00e9tablissements au niveau national et international.<\/strong>","icon":18745},"custom_boxes":{"content_box":null,"contact_box":{"icon":"","title":"","description":"","phone_number":"","email_address":""}},"news_heading":""},"_links":{"self":[{"href":"https:\/\/swissschools25.ahja.biz\/fr\/wp-json\/wp\/v2\/pages\/6293","targetHints":{"allow":["GET"]}}],"collection":[{"href":"https:\/\/swissschools25.ahja.biz\/fr\/wp-json\/wp\/v2\/pages"}],"about":[{"href":"https:\/\/swissschools25.ahja.biz\/fr\/wp-json\/wp\/v2\/types\/page"}],"author":[{"embeddable":true,"href":"https:\/\/swissschools25.ahja.biz\/fr\/wp-json\/wp\/v2\/users\/1"}],"replies":[{"embeddable":true,"href":"https:\/\/swissschools25.ahja.biz\/fr\/wp-json\/wp\/v2\/comments?post=6293"}],"version-history":[{"count":13,"href":"https:\/\/swissschools25.ahja.biz\/fr\/wp-json\/wp\/v2\/pages\/6293\/revisions"}],"predecessor-version":[{"id":19907,"href":"https:\/\/swissschools25.ahja.biz\/fr\/wp-json\/wp\/v2\/pages\/6293\/revisions\/19907"}],"up":[{"embeddable":true,"href":"https:\/\/swissschools25.ahja.biz\/fr\/wp-json\/wp\/v2\/pages\/9135"}],"wp:featuredmedia":[{"embeddable":true,"href":"https:\/\/swissschools25.ahja.biz\/fr\/wp-json\/wp\/v2\/media\/19902"}],"wp:attachment":[{"href":"https:\/\/swissschools25.ahja.biz\/fr\/wp-json\/wp\/v2\/media?parent=6293"}],"curies":[{"name":"wp","href":"https:\/\/api.w.org\/{rel}","templated":true}]}}