{"id":6304,"date":"2021-05-23T15:43:25","date_gmt":"2021-05-23T13:43:25","guid":{"rendered":"https:\/\/swissschools25.ahja.biz\/?page_id=6304"},"modified":"2026-01-14T11:02:05","modified_gmt":"2026-01-14T10:02:05","slug":"offres-de-formation","status":"publish","type":"page","link":"https:\/\/swissschools25.ahja.biz\/fr\/pour-les-eleves-les-etudiants-et-les-parents\/offres-de-formation\/","title":{"rendered":"Offres de formation"},"content":{"rendered":"<div class=\"entry\">\n<\/div>\n","protected":false},"excerpt":{"rendered":"","protected":false},"author":1,"featured_media":19235,"parent":14393,"menu_order":0,"comment_status":"closed","ping_status":"closed","template":"","meta":{"_acf_changed":false,"_seopress_robots_primary_cat":"","_seopress_titles_title":"","_seopress_titles_desc":"","_seopress_robots_index":"","footnotes":""},"class_list":["post-6304","page","type-page","status-publish","has-post-thumbnail"],"acf":{"banner_title":"","bg_color":"rgba(2,2,2,0.29)","page_top_content":{"heading":"Trouvez l\u2019offre de formation qui vous convient","sub_heading":"Offres de formation","content":"<strong>Quel que soit votre objectif de formation, nos \u00e9coles membres vous donnent les moyens de le r\u00e9aliser. D\u00e9couvrez nos \u00e9coles\u00a0! Utilisez notre outil de recherche en ligne, parcourez nos annuaires ou prenez contact avec notre secr\u00e9tariat g\u00e9n\u00e9ral pour un conseil personnalis\u00e9.<\/strong>","icon":18686},"custom_boxes":{"content_box":[{"icon":14613,"title":"Ecoles priv\u00e9es en Suisse","description":"Ce guide pr\u00e9sente toutes les \u00e9coles membres.","button":{"title":"T\u00e9l\u00e9charger","button_type":"file","page_link":6553,"url":"","file":19846}},{"icon":18475,"title":"Swiss International Schools","description":"Ce guide pr\u00e9sente les \u00e9coles internationales membres. ","button":{"title":"T\u00e9l\u00e9charger","button_type":"file","page_link":"","url":"chrome-extension:\/\/kdpelmjpfafjppnhbloffcjpeomlnpah\/https:\/\/www.ahja.ch\/temp\/school-dec25.pdf","file":19850}},{"icon":18480,"title":"Summer Courses","description":"Offres propos\u00e9es par nos \u00e9coles membres pendant les mois d'\u00e9t\u00e9.","button":{"title":"Vers les offres","button_type":"page","page_link":6354,"url":"","file":19388}}],"contact_box":{"icon":18682,"title":"Conseil","description":"Vous souhaitez un conseil personnalis\u00e9 ? Contactez-nous par t\u00e9l\u00e9phone ou \u00e9crivez-nous.","phone_number":"+41 31 328 40 50","email_address":"info@swiss-schools.ch "}},"news_heading":""},"_links":{"self":[{"href":"https:\/\/swissschools25.ahja.biz\/fr\/wp-json\/wp\/v2\/pages\/6304","targetHints":{"allow":["GET"]}}],"collection":[{"href":"https:\/\/swissschools25.ahja.biz\/fr\/wp-json\/wp\/v2\/pages"}],"about":[{"href":"https:\/\/swissschools25.ahja.biz\/fr\/wp-json\/wp\/v2\/types\/page"}],"author":[{"embeddable":true,"href":"https:\/\/swissschools25.ahja.biz\/fr\/wp-json\/wp\/v2\/users\/1"}],"replies":[{"embeddable":true,"href":"https:\/\/swissschools25.ahja.biz\/fr\/wp-json\/wp\/v2\/comments?post=6304"}],"version-history":[{"count":38,"href":"https:\/\/swissschools25.ahja.biz\/fr\/wp-json\/wp\/v2\/pages\/6304\/revisions"}],"predecessor-version":[{"id":20104,"href":"https:\/\/swissschools25.ahja.biz\/fr\/wp-json\/wp\/v2\/pages\/6304\/revisions\/20104"}],"up":[{"embeddable":true,"href":"https:\/\/swissschools25.ahja.biz\/fr\/wp-json\/wp\/v2\/pages\/14393"}],"wp:featuredmedia":[{"embeddable":true,"href":"https:\/\/swissschools25.ahja.biz\/fr\/wp-json\/wp\/v2\/media\/19235"}],"wp:attachment":[{"href":"https:\/\/swissschools25.ahja.biz\/fr\/wp-json\/wp\/v2\/media?parent=6304"}],"curies":[{"name":"wp","href":"https:\/\/api.w.org\/{rel}","templated":true}]}}