{"id":6317,"date":"2021-05-23T15:45:13","date_gmt":"2021-05-23T13:45:13","guid":{"rendered":"https:\/\/swissschools25.ahja.biz\/?page_id=6317"},"modified":"2025-12-18T11:37:55","modified_gmt":"2025-12-18T10:37:55","slug":"cartes-denseignant","status":"publish","type":"page","link":"https:\/\/swissschools25.ahja.biz\/fr\/fsep\/prestations-vsp\/cartes-denseignant\/","title":{"rendered":"Cartes d\u2019enseignant"},"content":{"rendered":"<div class=\"entry\">\n<h3>1. Carte d&rsquo;identit\u00e9 simple dans un \u00e9tui en plastique<\/h3>\n<table style=\"border: none;\">\n<tbody style=\"border: none;\">\n<tr style=\"border: none;\">\n<td style=\"border: none;\"><img loading=\"lazy\" decoding=\"async\" class=\"alignnone size-full wp-image-9550\" src=\"https:\/\/swissschools25.ahja.biz\/wp-content\/uploads\/2023\/02\/Ausweis_Kunststoffetui_vorne.jpg\" alt=\"\" width=\"280\" height=\"180\" \/><\/td>\n<td style=\"border: none;\"><img loading=\"lazy\" decoding=\"async\" class=\"alignnone size-full wp-image-9554\" src=\"https:\/\/swissschools25.ahja.biz\/wp-content\/uploads\/2023\/02\/Ausweis_Kunsttoffetui_hinten.jpg\" alt=\"\" width=\"280\" height=\"178\" \/><\/td>\n<\/tr>\n<\/tbody>\n<\/table>\n<p>Carte papier, \u00e0 remplir soi-m\u00eame<\/p>\n<p>Langues : D \/ F \/ I<br \/>\nCo\u00fbt : 1 CHF par pi\u00e8ce (carte d&rsquo;identit\u00e9 et \u00e9tui)<\/p>\n<p><span id=\"cloakfc5b72ad4548a464e6370b2f897c5591\"><a href=\"mailto:info@swiss-schools.ch\">Commande<\/a><\/span> Carte d&rsquo;identit\u00e9 simple. Veuillez indiquer le nombre et l&rsquo;adresse de livraison.<\/p>\n<h3>2. Carte plastifi\u00e9e \/ scell\u00e9e dans un film plastique<\/h3>\n<table style=\"border: none;\">\n<tbody style=\"border: none;\">\n<tr style=\"border: none;\">\n<td style=\"border: none;\"><img loading=\"lazy\" decoding=\"async\" class=\"alignnone size-full wp-image-9558\" src=\"https:\/\/swissschools25.ahja.biz\/wp-content\/uploads\/2023\/02\/Ausweis_Laminat_vorne.jpg\" alt=\"\" width=\"280\" height=\"181\" \/><\/td>\n<td style=\"border: none;\"><img loading=\"lazy\" decoding=\"async\" class=\"alignnone size-full wp-image-9574\" src=\"https:\/\/swissschools25.ahja.biz\/wp-content\/uploads\/2023\/02\/Ausweis_Laminat_hinten.jpg\" alt=\"\" width=\"277\" height=\"179\" \/><\/td>\n<\/tr>\n<\/tbody>\n<\/table>\n<p>Carte papier, plastifi\u00e9e dans un \u00e9tui en plastique ; elle est remplie par l&rsquo;imprimerie selon les coordonn\u00e9es que vous avez indiqu\u00e9es dans le formulaire de commande.<\/p>\n<p>Langues : D \/ F \/ I<\/p>\n<p>Co\u00fbts:<\/p>\n<table style=\"border-collapse: collapse; width: 100%;\" border=\"1\">\n<tbody>\n<tr>\n<td style=\"width: 33.3333%;\">nombre de pi\u00e8ces<\/td>\n<td style=\"width: 33.3333%;\">Prix de base par carte<\/td>\n<td style=\"width: 33.3333%;\">Frais de commande uniques<\/td>\n<\/tr>\n<tr>\n<td style=\"width: 33.3333%;\">1 &#8211; 20<\/td>\n<td style=\"width: 33.3333%;\">CHF 4.60<\/td>\n<td style=\"width: 33.3333%;\">CHF 30.00<\/td>\n<\/tr>\n<tr>\n<td style=\"width: 33.3333%;\">21 &#8211; 50<\/td>\n<td style=\"width: 33.3333%;\">CHF 4.25<\/td>\n<td style=\"width: 33.3333%;\">CHF 30.00<\/td>\n<\/tr>\n<tr>\n<td style=\"width: 33.3333%;\">51 &#8211; 100<\/td>\n<td style=\"width: 33.3333%;\">CHF 2.95<\/td>\n<td style=\"width: 33.3333%;\">CHF 30.00<\/td>\n<\/tr>\n<tr>\n<td style=\"width: 33.3333%;\">101 &#8211; 200<\/td>\n<td style=\"width: 33.3333%;\">CHF 2.75<\/td>\n<td style=\"width: 33.3333%;\">CHF 30.00<\/td>\n<\/tr>\n<tr>\n<td style=\"width: 33.3333%;\">201 &#8211; 300<\/td>\n<td style=\"width: 33.3333%;\">CHF 2.65<\/td>\n<td style=\"width: 33.3333%;\">CHF 30.00<\/td>\n<\/tr>\n<tr>\n<td style=\"width: 33.3333%;\">301 &#8211; 400<\/td>\n<td style=\"width: 33.3333%;\">CHF 2.55<\/td>\n<td style=\"width: 33.3333%;\">CHF 30.00<\/td>\n<\/tr>\n<\/tbody>\n<\/table>\n<h3><\/h3>\n<p><a href=\"https:\/\/www.swiss-schools.ch\/wp-content\/uploads\/2023\/02\/LA_Bestellformular_Laminat_d_2014.xls\">Formulaire de commande pour une carte plastifi\u00e9e<\/a><\/p>\n<\/div>\n","protected":false},"excerpt":{"rendered":"<p>1. Carte d&rsquo;identit\u00e9 simple dans un \u00e9tui en plastique Carte papier, \u00e0 remplir soi-m\u00eame Langues : D \/ F \/ I Co\u00fbt : 1 CHF par pi\u00e8ce (carte d&rsquo;identit\u00e9 et \u00e9tui) Commande Carte d&rsquo;identit\u00e9 simple. Veuillez indiquer le nombre et l&rsquo;adresse de livraison. 2. Carte plastifi\u00e9e \/ scell\u00e9e dans un film plastique Carte papier, plastifi\u00e9e &#8230;<\/p>\n","protected":false},"author":1,"featured_media":19740,"parent":6293,"menu_order":0,"comment_status":"closed","ping_status":"closed","template":"","meta":{"_acf_changed":false,"_seopress_robots_primary_cat":"","_seopress_titles_title":"","_seopress_titles_desc":"","_seopress_robots_index":"","footnotes":""},"class_list":["post-6317","page","type-page","status-publish","has-post-thumbnail"],"acf":{"banner_title":"","bg_color":"rgba(0,0,0,0.29)","page_top_content":{"heading":"La FSEP d\u00e9livre des cartes d\u2019enseignant","sub_heading":"Cartes d\u2019enseignant","content":"<strong>La F\u00e9d\u00e9ration suisse des \u00e9coles priv\u00e9es FSEP d\u00e9livre \u00e0 ses membres des cartes d\u2019enseignant disponibles en allemand, fran\u00e7ais ou italien. <\/strong>","icon":19196},"custom_boxes":{"content_box":null,"contact_box":{"icon":"","title":"","description":"","phone_number":"","email_address":""}},"news_heading":""},"_links":{"self":[{"href":"https:\/\/swissschools25.ahja.biz\/fr\/wp-json\/wp\/v2\/pages\/6317","targetHints":{"allow":["GET"]}}],"collection":[{"href":"https:\/\/swissschools25.ahja.biz\/fr\/wp-json\/wp\/v2\/pages"}],"about":[{"href":"https:\/\/swissschools25.ahja.biz\/fr\/wp-json\/wp\/v2\/types\/page"}],"author":[{"embeddable":true,"href":"https:\/\/swissschools25.ahja.biz\/fr\/wp-json\/wp\/v2\/users\/1"}],"replies":[{"embeddable":true,"href":"https:\/\/swissschools25.ahja.biz\/fr\/wp-json\/wp\/v2\/comments?post=6317"}],"version-history":[{"count":13,"href":"https:\/\/swissschools25.ahja.biz\/fr\/wp-json\/wp\/v2\/pages\/6317\/revisions"}],"predecessor-version":[{"id":19618,"href":"https:\/\/swissschools25.ahja.biz\/fr\/wp-json\/wp\/v2\/pages\/6317\/revisions\/19618"}],"up":[{"embeddable":true,"href":"https:\/\/swissschools25.ahja.biz\/fr\/wp-json\/wp\/v2\/pages\/6293"}],"wp:featuredmedia":[{"embeddable":true,"href":"https:\/\/swissschools25.ahja.biz\/fr\/wp-json\/wp\/v2\/media\/19740"}],"wp:attachment":[{"href":"https:\/\/swissschools25.ahja.biz\/fr\/wp-json\/wp\/v2\/media?parent=6317"}],"curies":[{"name":"wp","href":"https:\/\/api.w.org\/{rel}","templated":true}]}}