{"id":6336,"date":"2021-08-05T20:34:30","date_gmt":"2021-08-05T18:34:30","guid":{"rendered":"https:\/\/swissschools25.ahja.biz\/?page_id=6336"},"modified":"2026-01-14T01:44:34","modified_gmt":"2026-01-14T00:44:34","slug":"repertoires","status":"publish","type":"page","link":"https:\/\/swissschools25.ahja.biz\/fr\/fsep\/prestations-vsp\/repertoires\/","title":{"rendered":"R\u00e9pertoires des \u00e9coles priv\u00e9es de la FSEP"},"content":{"rendered":"<div class=\"entry\">\n<p>Aper\u00e7u des r\u00e9pertoires des \u00e9coles priv\u00e9es de la FSEP<\/p>\n<table style=\"border-collapse: collapse; width: 100%;\" border=\"1\">\n<tbody>\n<tr>\n<td style=\"width: 33.3333%;\"><a href=\"https:\/\/www.swiss-schools.ch\/wp-content\/uploads\/2024\/08\/Privatschulfuehrer-24_25.pdf\" target=\"_blank\" rel=\"noopener\"><img loading=\"lazy\" decoding=\"async\" class=\"aligncenter wp-image-14625 size-medium\" src=\"https:\/\/swissschools25.ahja.biz\/wp-content\/uploads\/2024\/10\/Bild-Privatschulfuehrer-2-e1761044742917-214x300.png\" alt=\"\" width=\"214\" height=\"300\" srcset=\"https:\/\/swissschools25.ahja.biz\/wp-content\/uploads\/2024\/10\/Bild-Privatschulfuehrer-2-e1761044742917-214x300.png 214w, https:\/\/swissschools25.ahja.biz\/wp-content\/uploads\/2024\/10\/Bild-Privatschulfuehrer-2-e1761044742917.png 392w\" sizes=\"auto, (max-width: 214px) 100vw, 214px\" \/><\/a><\/td>\n<td style=\"width: 33.3333%;\"><a href=\"https:\/\/www.swiss-schools.ch\/wp-content\/uploads\/2023\/07\/SIS-low_res.pdf\" target=\"_blank\" rel=\"noopener\"><img loading=\"lazy\" decoding=\"async\" class=\"aligncenter wp-image-18473 size-medium\" src=\"https:\/\/swissschools25.ahja.biz\/wp-content\/uploads\/2025\/06\/Titelblatt-212x300.png\" alt=\"\" width=\"212\" height=\"300\" srcset=\"https:\/\/swissschools25.ahja.biz\/wp-content\/uploads\/2025\/06\/Titelblatt-212x300.png 212w, https:\/\/swissschools25.ahja.biz\/wp-content\/uploads\/2025\/06\/Titelblatt-722x1024.png 722w, https:\/\/swissschools25.ahja.biz\/wp-content\/uploads\/2025\/06\/Titelblatt-768x1089.png 768w, https:\/\/swissschools25.ahja.biz\/wp-content\/uploads\/2025\/06\/Titelblatt.png 776w\" sizes=\"auto, (max-width: 212px) 100vw, 212px\" \/><\/a><\/td>\n<td style=\"width: 33.3333%;\"><a href=\"https:\/\/www.swiss-schools.ch\/dienstleistungen-vsp\/inserate-summer-courses-in-switzerland\/summer-courses-in-switzerland\/\" target=\"_blank\" rel=\"noopener\"><img loading=\"lazy\" decoding=\"async\" class=\"aligncenter wp-image-18487 size-medium\" src=\"https:\/\/swissschools25.ahja.biz\/wp-content\/uploads\/2025\/06\/Screenshot-2025-03-12-084245-1-211x300.png\" alt=\"\" width=\"211\" height=\"300\" srcset=\"https:\/\/swissschools25.ahja.biz\/wp-content\/uploads\/2025\/06\/Screenshot-2025-03-12-084245-1-211x300.png 211w, https:\/\/swissschools25.ahja.biz\/wp-content\/uploads\/2025\/06\/Screenshot-2025-03-12-084245-1-720x1024.png 720w, https:\/\/swissschools25.ahja.biz\/wp-content\/uploads\/2025\/06\/Screenshot-2025-03-12-084245-1-768x1092.png 768w, https:\/\/swissschools25.ahja.biz\/wp-content\/uploads\/2025\/06\/Screenshot-2025-03-12-084245-1.png 800w\" sizes=\"auto, (max-width: 211px) 100vw, 211px\" \/><\/a><\/td>\n<\/tr>\n<tr>\n<td style=\"width: 33.3333%; text-align: center;\">Tous les deux ans, la FSEP publie un r\u00e9pertoire des \u00e9coles priv\u00e9es membres de la FSEP. Le guide des \u00e9coles priv\u00e9es est tir\u00e9 \u00e0 1 500 exemplaires et para\u00eet tous les deux ans.<\/td>\n<td style=\"width: 33.3333%; text-align: center;\">En \u00e9change avec le guide des \u00e9coles priv\u00e9es, la FSEP publie tous les deux ans la brochure<br \/>\n\u00ab Swiss International Schools \u00bb, le r\u00e9pertoire des \u00e9coles internationales de la FSEP.<\/td>\n<td style=\"width: 33.3333%; text-align: center;\">Les offres de cours d&rsquo;\u00e9t\u00e9 peuvent \u00eatre publi\u00e9es sous forme d&rsquo;annonce en ligne sur notre site web. L&rsquo;offre de cours d&rsquo;\u00e9t\u00e9 est promue par la FSEP sous la forme d&rsquo;un d\u00e9pliant num\u00e9rique avec code QR.<\/td>\n<\/tr>\n<\/tbody>\n<\/table>\n<table style=\"border-collapse: collapse; width: 100%;\" border=\"1\">\n<tbody>\n<tr>\n<td style=\"width: 33.3333%; text-align: center;\"><strong><a href=\"https:\/\/www.swiss-schools.ch\/wp-content\/uploads\/2024\/08\/Privatschulfuehrer-24_25.pdf\" target=\"_blank\" rel=\"noopener\">T\u00e9l\u00e9charger<\/a><\/strong><\/td>\n<td style=\"width: 33.3333%; text-align: center;\"><strong><a href=\"https:\/\/swissschools25.ahja.biz\/wp-content\/uploads\/2025\/12\/neu_SIS_25-26-002.pdf\" target=\"_blank\" rel=\"noopener\">T\u00e9l\u00e9charger<\/a><\/strong><\/td>\n<td style=\"width: 33.3333%; text-align: center;\"><strong><a href=\"https:\/\/www.swiss-schools.ch\/wp-content\/uploads\/2024\/10\/Insertion-Order-Summer-Courses-1.pdf\" target=\"_blank\" rel=\"noopener\">Vers l&rsquo;ordre d&rsquo;insertion<\/a><\/strong><\/td>\n<\/tr>\n<\/tbody>\n<\/table>\n<p>&nbsp;<\/p>\n<p>Les \u00e9tablissements suivants sont r\u00e9pertori\u00e9s dans nos annuaires d&rsquo;\u00e9coles priv\u00e9es :<\/p>\n<p>&nbsp;<\/p>\n<ul>\n<li>aux centres d&rsquo;orientation professionnelle dans toute la Suisse<\/li>\n<li>aux principales r\u00e9dactions nationales de la presse suisse<\/li>\n<li>Ambassades suisses \u00e0 l&rsquo;\u00e9tranger<\/li>\n<li>Ambassades et consulats \u00e9trangers en Suisse<\/li>\n<li>Organisations internationales et entreprises s\u00e9lectionn\u00e9es en Suisse<\/li>\n<li>autorit\u00e9s cantonales et f\u00e9d\u00e9rales charg\u00e9es de l&rsquo;\u00e9ducation<\/li>\n<\/ul>\n<p>&nbsp;<\/p>\n<p>Notre <a href=\"https:\/\/swissschools25.ahja.biz\/fr\/contact\/\">secr\u00e9tariat<\/a> se tient \u00e0 votre disposition pour toute question.<\/p>\n<\/div>\n","protected":false},"excerpt":{"rendered":"<p>Aper\u00e7u des r\u00e9pertoires des \u00e9coles priv\u00e9es de la FSEP Tous les deux ans, la FSEP publie un r\u00e9pertoire des \u00e9coles priv\u00e9es membres de la FSEP. Le guide des \u00e9coles priv\u00e9es est tir\u00e9 \u00e0 1 500 exemplaires et para\u00eet tous les deux ans. En \u00e9change avec le guide des \u00e9coles priv\u00e9es, la FSEP publie tous les &#8230;<\/p>\n","protected":false},"author":1,"featured_media":20029,"parent":6293,"menu_order":0,"comment_status":"closed","ping_status":"closed","template":"","meta":{"_acf_changed":false,"_seopress_robots_primary_cat":"","_seopress_titles_title":"","_seopress_titles_desc":"","_seopress_robots_index":"","footnotes":""},"class_list":["post-6336","page","type-page","status-publish","has-post-thumbnail"],"acf":{"banner_title":"","bg_color":"rgba(0,0,0,0.29)","page_top_content":{"heading":"Gagnez en visibilit\u00e9","sub_heading":"R\u00e9pertoires des \u00e9coles priv\u00e9es de la FSEP","content":"<strong>Les \u00e9coles membres de la FSEP b\u00e9n\u00e9ficient d'une meilleure visibilit\u00e9 gr\u00e2ce \u00e0 leur inscription dans nos r\u00e9pertoires d'\u00e9coles priv\u00e9es.<\/strong>","icon":18686},"custom_boxes":{"content_box":null,"contact_box":{"icon":"","title":"","description":"","phone_number":"","email_address":""}},"news_heading":""},"_links":{"self":[{"href":"https:\/\/swissschools25.ahja.biz\/fr\/wp-json\/wp\/v2\/pages\/6336","targetHints":{"allow":["GET"]}}],"collection":[{"href":"https:\/\/swissschools25.ahja.biz\/fr\/wp-json\/wp\/v2\/pages"}],"about":[{"href":"https:\/\/swissschools25.ahja.biz\/fr\/wp-json\/wp\/v2\/types\/page"}],"author":[{"embeddable":true,"href":"https:\/\/swissschools25.ahja.biz\/fr\/wp-json\/wp\/v2\/users\/1"}],"replies":[{"embeddable":true,"href":"https:\/\/swissschools25.ahja.biz\/fr\/wp-json\/wp\/v2\/comments?post=6336"}],"version-history":[{"count":7,"href":"https:\/\/swissschools25.ahja.biz\/fr\/wp-json\/wp\/v2\/pages\/6336\/revisions"}],"predecessor-version":[{"id":20087,"href":"https:\/\/swissschools25.ahja.biz\/fr\/wp-json\/wp\/v2\/pages\/6336\/revisions\/20087"}],"up":[{"embeddable":true,"href":"https:\/\/swissschools25.ahja.biz\/fr\/wp-json\/wp\/v2\/pages\/6293"}],"wp:featuredmedia":[{"embeddable":true,"href":"https:\/\/swissschools25.ahja.biz\/fr\/wp-json\/wp\/v2\/media\/20029"}],"wp:attachment":[{"href":"https:\/\/swissschools25.ahja.biz\/fr\/wp-json\/wp\/v2\/media?parent=6336"}],"curies":[{"name":"wp","href":"https:\/\/api.w.org\/{rel}","templated":true}]}}