{"id":6405,"date":"2021-08-05T20:41:14","date_gmt":"2021-08-05T18:41:14","guid":{"rendered":"https:\/\/swissschools25.ahja.biz\/?page_id=6405"},"modified":"2025-12-18T15:56:24","modified_gmt":"2025-12-18T14:56:24","slug":"assurance-qualite","status":"publish","type":"page","link":"https:\/\/swissschools25.ahja.biz\/fr\/fsep\/prestations-vsp\/assurance-qualite\/","title":{"rendered":"Assurance qualit\u00e9"},"content":{"rendered":"<div class=\"entry\">\n<p>La FSEP supervise l\u2019assurance qualit\u00e9 de ses \u00e9coles membres et attribue le label \u00ab\u00a0Swiss Schools Quality Label\u00a0\u00bb, un gage de confiance pour les \u00e9l\u00e8ves, les \u00e9tudiants, les parents et les autorit\u00e9s. Le label permet aux \u00e9coles membres de la FSEP de postuler pour des mandats d\u2019enseignement publics et de faire reconna\u00eetre par l\u2019Etat les fili\u00e8res de formation qu\u2019elles proposent. La certification est effectu\u00e9e conform\u00e9ment au r\u00e8glement de la FSEP.<\/p>\n<ul>\n<li><strong><a href=\"https:\/\/swissschools25.ahja.biz\/wp-content\/uploads\/2025\/12\/240813-Mitgliedschaftsreglement-VSP_final-F.pdf\">R\u00e8glement d\u2019adh\u00e9sion \u00e0 la FSEP<\/a> (PDF)<\/strong><\/li>\n<\/ul>\n<p>&nbsp;<\/p>\n<h3><strong>Certification externe<\/strong><\/h3>\n<p>Les \u00e9coles membres qui sont certifi\u00e9es par un organisme externe ou qui sont membres du Registre des \u00e9coles priv\u00e9es en Suisse apportent au secr\u00e9tariat g\u00e9n\u00e9ral de la FSEP la preuve de leur certification ainsi que de leur recertification le cas \u00e9ch\u00e9ant. La commission en charge des admissions tient un registre des syst\u00e8mes de certification qualit\u00e9 nationaux et internationaux reconnus.<\/p>\n<ul>\n<li><strong><a href=\"https:\/\/swissschools25.ahja.biz\/wp-content\/uploads\/2025\/12\/Systemes-dassurance-qualite_nationaux_f.pdf\">Syst\u00e8mes nationaux d\u2019assurance qualit\u00e9<\/a> (PDF)<\/strong><\/li>\n<li><strong><a href=\"https:\/\/swissschools25.ahja.biz\/wp-content\/uploads\/2025\/12\/Systemes-dassurance-qualite_internationaux_f.pdf\">Syst\u00e8mes internationaux d\u2019assurance qualit\u00e9<\/a> (PDF)<\/strong><\/li>\n<\/ul>\n<p>&nbsp;<\/p>\n<h3><strong>Certification interne<\/strong><\/h3>\n<p>Les \u00e9coles membres qui sont plac\u00e9es sous la surveillance de l\u2019Etat ou qui sont soumises \u00e0 un contr\u00f4le de qualit\u00e9 d\u2019une mani\u00e8re comparable peuvent fournir un certificat de contr\u00f4le qualit\u00e9 dans le cadre de la proc\u00e9dure d\u2019assurance qualit\u00e9 interne \u00e0 la f\u00e9d\u00e9ration.<a name=\"_Toc197958451\"><\/a> Le formulaire de demande, accompagn\u00e9 des annexes requises, doit \u00eatre remis au secr\u00e9tariat g\u00e9n\u00e9ral de la FSEP au plus tard six mois avant l\u2019expiration de la certification actuelle, par e-mail ou par courrier postal. La commission en charge des admissions examine la demande et effectue une visite de l\u2019\u00e9cole.<\/p>\n<p>Le certificat d\u2019assurance qualit\u00e9 d\u00e9livr\u00e9 par la f\u00e9d\u00e9ration a une dur\u00e9e de validit\u00e9 de quatre ans, \u00e0 l\u2019issue de laquelle le processus d\u2019assurance qualit\u00e9 devra ensuite \u00eatre r\u00e9p\u00e9t\u00e9 dans son int\u00e9gralit\u00e9.<\/p>\n<p>La certification interne co\u00fbte entre 700 et 3600 francs (selon la masse salariale soumise \u00e0 l\u2019AVS), auxquels s\u2019ajoutent 1500 francs pour la visite de l\u2019\u00e9cole (voir annexe au r\u00e8glement d\u2019adh\u00e9sion).<\/p>\n<ul>\n<li><strong><a href=\"https:\/\/www.swiss-schools.ch\/wp-content\/uploads\/2024\/10\/241023-Gesuchsformular-interne-QS_FR_form.pdf\">Formulaire de demande relatif \u00e0 la proc\u00e9dure d\u2019assurance qualit\u00e9 interne \u00e0 l\u2019association<\/a> (PDF)<\/strong><\/li>\n<\/ul>\n<\/div>\n","protected":false},"excerpt":{"rendered":"<p>La FSEP supervise l\u2019assurance qualit\u00e9 de ses \u00e9coles membres et attribue le label \u00ab\u00a0Swiss Schools Quality Label\u00a0\u00bb, un gage de confiance pour les \u00e9l\u00e8ves, les \u00e9tudiants, les parents et les autorit\u00e9s. Le label permet aux \u00e9coles membres de la FSEP de postuler pour des mandats d\u2019enseignement publics et de faire reconna\u00eetre par l\u2019Etat les fili\u00e8res &#8230;<\/p>\n","protected":false},"author":1,"featured_media":19810,"parent":6293,"menu_order":0,"comment_status":"closed","ping_status":"closed","template":"","meta":{"_acf_changed":false,"_seopress_robots_primary_cat":"","_seopress_titles_title":"","_seopress_titles_desc":"","_seopress_robots_index":"","footnotes":""},"class_list":["post-6405","page","type-page","status-publish","has-post-thumbnail"],"acf":{"banner_title":"","bg_color":"rgba(0,0,0,0.29)","page_top_content":{"heading":"FSPS schools are quality schools","sub_heading":"Quality assurance","content":"<strong>Members of the Federation of Swiss Private Schools (FSPS) bear the \u2018Swiss Schools Quality Label\u2019 \u2013 because they meet high standards. The quality of the schools is regularly assessed using internationally and nationally recognised quality systems or the federation\u2019s internal quality assurance procedure. <\/strong>","icon":19200},"custom_boxes":{"content_box":null,"contact_box":{"icon":"","title":"","description":"","phone_number":"","email_address":""}},"news_heading":""},"_links":{"self":[{"href":"https:\/\/swissschools25.ahja.biz\/fr\/wp-json\/wp\/v2\/pages\/6405","targetHints":{"allow":["GET"]}}],"collection":[{"href":"https:\/\/swissschools25.ahja.biz\/fr\/wp-json\/wp\/v2\/pages"}],"about":[{"href":"https:\/\/swissschools25.ahja.biz\/fr\/wp-json\/wp\/v2\/types\/page"}],"author":[{"embeddable":true,"href":"https:\/\/swissschools25.ahja.biz\/fr\/wp-json\/wp\/v2\/users\/1"}],"replies":[{"embeddable":true,"href":"https:\/\/swissschools25.ahja.biz\/fr\/wp-json\/wp\/v2\/comments?post=6405"}],"version-history":[{"count":16,"href":"https:\/\/swissschools25.ahja.biz\/fr\/wp-json\/wp\/v2\/pages\/6405\/revisions"}],"predecessor-version":[{"id":19645,"href":"https:\/\/swissschools25.ahja.biz\/fr\/wp-json\/wp\/v2\/pages\/6405\/revisions\/19645"}],"up":[{"embeddable":true,"href":"https:\/\/swissschools25.ahja.biz\/fr\/wp-json\/wp\/v2\/pages\/6293"}],"wp:featuredmedia":[{"embeddable":true,"href":"https:\/\/swissschools25.ahja.biz\/fr\/wp-json\/wp\/v2\/media\/19810"}],"wp:attachment":[{"href":"https:\/\/swissschools25.ahja.biz\/fr\/wp-json\/wp\/v2\/media?parent=6405"}],"curies":[{"name":"wp","href":"https:\/\/api.w.org\/{rel}","templated":true}]}}