{"id":6442,"date":"2021-08-05T20:42:05","date_gmt":"2021-08-05T18:42:05","guid":{"rendered":"https:\/\/swissschools25.ahja.biz\/?page_id=6442"},"modified":"2025-12-18T16:03:46","modified_gmt":"2025-12-18T15:03:46","slug":"conseil-juridique","status":"publish","type":"page","link":"https:\/\/swissschools25.ahja.biz\/fr\/fsep\/prestations-vsp\/conseil-juridique\/","title":{"rendered":"Conseil juridique"},"content":{"rendered":"<div class=\"entry\">\n<p>Les questions juridiques requi\u00e8rent de l\u2019expertise et de l\u2019exp\u00e9rience. Les juristes et avocats de la FSEP les mettent \u00e0 votre service. Ils seront en mesure de vous aider, par exemple, dans la r\u00e9daction des contrats et des conditions g\u00e9n\u00e9rales, ou de formuler une premi\u00e8re appr\u00e9ciation en cas de litiges.<\/p>\n<p>Les informations seront communiqu\u00e9es uniquement \u00e0 la direction de l\u2019\u00e9tablissement ou aux membres du personnel autoris\u00e9s \u00e0 les recevoir. Le service de conseil juridique est tenu d\u2019\u00e9viter tout conflit d\u2019int\u00e9r\u00eats. Les renseignements juridiques ne peuvent \u00eatre fournis \u00e0 des membres du personnel d\u2019un \u00e9tablissement qu\u2019avec l\u2019accord de la direction.<\/p>\n<p>Vous trouverez les d\u00e9tails et les modalit\u00e9s dans le document <a href=\"https:\/\/www.swiss-schools.ch\/wp-content\/uploads\/2022\/10\/210104-Konzept-Rechtsauskunftsstelle.pdf\">concept du service de renseignements juridiques FSEP<\/a> (en allemand).<\/p>\n<\/div>\n","protected":false},"excerpt":{"rendered":"<p>Les questions juridiques requi\u00e8rent de l\u2019expertise et de l\u2019exp\u00e9rience. Les juristes et avocats de la FSEP les mettent \u00e0 votre service. Ils seront en mesure de vous aider, par exemple, dans la r\u00e9daction des contrats et des conditions g\u00e9n\u00e9rales, ou de formuler une premi\u00e8re appr\u00e9ciation en cas de litiges. Les informations seront communiqu\u00e9es uniquement \u00e0 &#8230;<\/p>\n","protected":false},"author":1,"featured_media":19736,"parent":6293,"menu_order":0,"comment_status":"closed","ping_status":"closed","template":"","meta":{"_acf_changed":false,"_seopress_robots_primary_cat":"","_seopress_titles_title":"","_seopress_titles_desc":"","_seopress_robots_index":"","footnotes":""},"class_list":["post-6442","page","type-page","status-publish","has-post-thumbnail"],"acf":{"banner_title":"","bg_color":"rgba(0,0,0,0.29)","page_top_content":{"heading":"Les \u00e9coles membres de la FSEP b\u00e9n\u00e9ficient de conseils juridiques de qualit\u00e9","sub_heading":"Conseil juridique","content":"<strong>La F\u00e9d\u00e9ration suisse des \u00e9coles priv\u00e9es FSEP conseille ses membres sur les questions juridiques. Nos juristes et avocats se tiennent volontiers \u00e0 votre disposition.<\/strong>","icon":18682},"custom_boxes":{"content_box":null,"contact_box":{"icon":"","title":"","description":"","phone_number":"","email_address":""}},"news_heading":""},"_links":{"self":[{"href":"https:\/\/swissschools25.ahja.biz\/fr\/wp-json\/wp\/v2\/pages\/6442","targetHints":{"allow":["GET"]}}],"collection":[{"href":"https:\/\/swissschools25.ahja.biz\/fr\/wp-json\/wp\/v2\/pages"}],"about":[{"href":"https:\/\/swissschools25.ahja.biz\/fr\/wp-json\/wp\/v2\/types\/page"}],"author":[{"embeddable":true,"href":"https:\/\/swissschools25.ahja.biz\/fr\/wp-json\/wp\/v2\/users\/1"}],"replies":[{"embeddable":true,"href":"https:\/\/swissschools25.ahja.biz\/fr\/wp-json\/wp\/v2\/comments?post=6442"}],"version-history":[{"count":8,"href":"https:\/\/swissschools25.ahja.biz\/fr\/wp-json\/wp\/v2\/pages\/6442\/revisions"}],"predecessor-version":[{"id":19648,"href":"https:\/\/swissschools25.ahja.biz\/fr\/wp-json\/wp\/v2\/pages\/6442\/revisions\/19648"}],"up":[{"embeddable":true,"href":"https:\/\/swissschools25.ahja.biz\/fr\/wp-json\/wp\/v2\/pages\/6293"}],"wp:featuredmedia":[{"embeddable":true,"href":"https:\/\/swissschools25.ahja.biz\/fr\/wp-json\/wp\/v2\/media\/19736"}],"wp:attachment":[{"href":"https:\/\/swissschools25.ahja.biz\/fr\/wp-json\/wp\/v2\/media?parent=6442"}],"curies":[{"name":"wp","href":"https:\/\/api.w.org\/{rel}","templated":true}]}}