{"id":6457,"date":"2021-05-23T15:45:37","date_gmt":"2021-05-23T13:45:37","guid":{"rendered":"https:\/\/swissschools25.ahja.biz\/?page_id=6457"},"modified":"2025-12-18T16:08:41","modified_gmt":"2025-12-18T15:08:41","slug":"internet","status":"publish","type":"page","link":"https:\/\/swissschools25.ahja.biz\/fr\/fsep\/prestations-vsp\/internet\/","title":{"rendered":"Internet"},"content":{"rendered":"<div class=\"entry\">\n<p>L\u2019initiative \u00ab\u00a0Internet \u00e0 l\u2019\u00e9cole\u00a0\u00bb parrain\u00e9e par Swisscom a pour objectif d\u2019offrir une connexion Internet performante et gratuite \u00e0 toutes les \u00e9coles suisses. Swisscom prend \u00e0 sa charge la majeure partie des frais d\u2019installation et une partie des frais de connexion. Pour la seule ann\u00e9e 2022, la contribution financi\u00e8re de Swisscom concernant les \u00e9coles priv\u00e9es s\u2019est \u00e9lev\u00e9e \u00e0 pr\u00e8s de 800\u00a0000\u00a0francs, soit des \u00e9conomies consid\u00e9rables pour les membres de la FSEP. D\u00e8s la mise en service, chaque \u00e9cole peut profiter d\u2019un acc\u00e8s Internet illimit\u00e9 gr\u00e2ce \u00e0 Swisscom.<\/p>\n<p>Si vous \u00eates int\u00e9ress\u00e9, n\u2019h\u00e9sitez pas \u00e0 contacter le <a href=\"https:\/\/swissschools25.ahja.biz\/fr\/contact\/\">secr\u00e9tariat de la FSEP<\/a>.<\/p>\n<p>&nbsp;<\/p>\n<p>Documents et autres informations<\/p>\n<ul>\n<li><strong><a href=\"https:\/\/www.swiss-schools.ch\/wp-content\/uploads\/2022\/10\/100531_Angebotserweiterung_auf_einen_Blick_FR.pdf\">En bref\u00a0: \u00e9largissement de l\u2019offre \u00ab\u00a0Internet \u00e0 l\u2019\u00e9cole\u00a0\u00bb<\/a> (PDF)<\/strong><\/li>\n<li><strong><a href=\"https:\/\/www.swiss-schools.ch\/wp-content\/uploads\/2022\/10\/Informationsschreiben-f-an-Privatschulen-VSP-Angebotserweiterung-Swisscom_FR_neu.pdf\">Courrier informatif adress\u00e9 aux \u00e9coles priv\u00e9es de la FSEP<\/a> (PDF)<\/strong><\/li>\n<li><strong><a href=\"https:\/\/www.swiss-schools.ch\/wp-content\/uploads\/2022\/10\/Merkblatt_SAI_fr-1.pdf\">Internet \u00e0 l\u2019\u00e9cole\u00a0: Aide-m\u00e9moire pour \u00e9coles priv\u00e9es<\/a> (PDF)<\/strong><\/li>\n<li><strong><a href=\"https:\/\/www.swiss-schools.ch\/wp-content\/uploads\/2022\/10\/2.Minimalanforderungen_fr.pdf\">Exigences de s\u00e9curit\u00e9 minimales \u2013 Ecoles priv\u00e9es<\/a> (PDF)<\/strong><\/li>\n<\/ul>\n<p>Vous trouverez de plus amples informations sur le site Internet de <a href=\"https:\/\/www.swisscom.ch\/fr\/business\/pme\/sai.html\">Swisscom<\/a>.<\/p>\n<\/div>\n","protected":false},"excerpt":{"rendered":"<p>L\u2019initiative \u00ab\u00a0Internet \u00e0 l\u2019\u00e9cole\u00a0\u00bb parrain\u00e9e par Swisscom a pour objectif d\u2019offrir une connexion Internet performante et gratuite \u00e0 toutes les \u00e9coles suisses. Swisscom prend \u00e0 sa charge la majeure partie des frais d\u2019installation et une partie des frais de connexion. Pour la seule ann\u00e9e 2022, la contribution financi\u00e8re de Swisscom concernant les \u00e9coles priv\u00e9es s\u2019est &#8230;<\/p>\n","protected":false},"author":1,"featured_media":19728,"parent":6293,"menu_order":0,"comment_status":"closed","ping_status":"closed","template":"","meta":{"_acf_changed":false,"_seopress_robots_primary_cat":"","_seopress_titles_title":"","_seopress_titles_desc":"","_seopress_robots_index":"","footnotes":""},"class_list":["post-6457","page","type-page","status-publish","has-post-thumbnail"],"acf":{"banner_title":"","bg_color":"rgba(0,0,0,0.29)","page_top_content":{"heading":"Une connexion Internet gratuite pour les \u00e9coles membres de la FSEP","sub_heading":"Internet","content":"<strong>La F\u00e9d\u00e9ration suisse des \u00e9coles priv\u00e9es FSEP participe \u00e0 l\u2019initiative \u00ab\u00a0Internet \u00e0 l\u2019\u00e9cole\u00a0\u00bb de Swisscom. Les membres de la FSEP profitent ainsi d\u2019une connexion Internet \u00e0 haut d\u00e9bit gratuite.<\/strong>","icon":19192},"custom_boxes":{"content_box":null,"contact_box":{"icon":"","title":"","description":"","phone_number":"","email_address":""}},"news_heading":""},"_links":{"self":[{"href":"https:\/\/swissschools25.ahja.biz\/fr\/wp-json\/wp\/v2\/pages\/6457","targetHints":{"allow":["GET"]}}],"collection":[{"href":"https:\/\/swissschools25.ahja.biz\/fr\/wp-json\/wp\/v2\/pages"}],"about":[{"href":"https:\/\/swissschools25.ahja.biz\/fr\/wp-json\/wp\/v2\/types\/page"}],"author":[{"embeddable":true,"href":"https:\/\/swissschools25.ahja.biz\/fr\/wp-json\/wp\/v2\/users\/1"}],"replies":[{"embeddable":true,"href":"https:\/\/swissschools25.ahja.biz\/fr\/wp-json\/wp\/v2\/comments?post=6457"}],"version-history":[{"count":15,"href":"https:\/\/swissschools25.ahja.biz\/fr\/wp-json\/wp\/v2\/pages\/6457\/revisions"}],"predecessor-version":[{"id":19651,"href":"https:\/\/swissschools25.ahja.biz\/fr\/wp-json\/wp\/v2\/pages\/6457\/revisions\/19651"}],"up":[{"embeddable":true,"href":"https:\/\/swissschools25.ahja.biz\/fr\/wp-json\/wp\/v2\/pages\/6293"}],"wp:featuredmedia":[{"embeddable":true,"href":"https:\/\/swissschools25.ahja.biz\/fr\/wp-json\/wp\/v2\/media\/19728"}],"wp:attachment":[{"href":"https:\/\/swissschools25.ahja.biz\/fr\/wp-json\/wp\/v2\/media?parent=6457"}],"curies":[{"name":"wp","href":"https:\/\/api.w.org\/{rel}","templated":true}]}}