{"id":6506,"date":"2021-05-23T15:45:59","date_gmt":"2021-05-23T13:45:59","guid":{"rendered":"https:\/\/swissschools25.ahja.biz\/?page_id=6506"},"modified":"2025-12-11T15:40:51","modified_gmt":"2025-12-11T14:40:51","slug":"assurances","status":"publish","type":"page","link":"https:\/\/swissschools25.ahja.biz\/fr\/fsep\/prestations-vsp\/assurances\/","title":{"rendered":"Assurances"},"content":{"rendered":"<div class=\"entry\">\n<p>La FSEP est en mesure d\u2019offrir \u00e0 ses membres un large \u00e9ventail de prestations. Baumassurance<\/p>\n<ul>\n<li>n\u00e9gocie de mani\u00e8re comp\u00e9tente dans l\u2019int\u00e9r\u00eat de chaque \u00e9cole\u00a0;<\/li>\n<li>est l\u2019interlocuteur pour toutes les assurances, y compris pour le personnel de l\u2019\u00e9cole\u00a0;<\/li>\n<li>vous conseille sur les questions relatives \u00e0 l\u2019arriv\u00e9e et au d\u00e9part de vos collaborateurs\u00a0;<\/li>\n<li>accompagne votre \u00e9cole en cas de sinistre\u00a0;<\/li>\n<li>garantit la protection des donn\u00e9es et la confidentialit\u00e9.<\/li>\n<\/ul>\n<p><a href=\"https:\/\/swissschools25.ahja.biz\/wp-content\/uploads\/2025\/10\/401994_Inserat_A5_Version_Alexander_Paul.pdf\" target=\"_blank\" rel=\"noopener\">En savoir plus (Flyer)<\/a><\/p>\n<p>Si vous \u00eates int\u00e9ress\u00e9, n\u2019h\u00e9sitez pas \u00e0 contacter Baumassurance.<\/p>\n<p><a href=\"https:\/\/baumassurance.ch\/kontakt\/\" target=\"_blank\" rel=\"noopener\">Formulaire de contact<\/a><\/p>\n<p><img loading=\"lazy\" decoding=\"async\" class=\"alignnone size-medium wp-image-9611\" src=\"https:\/\/swissschools25.ahja.biz\/wp-content\/uploads\/2023\/02\/logo_Baumassurance-300x63.jpg\" alt=\"\" width=\"300\" height=\"63\" srcset=\"https:\/\/swissschools25.ahja.biz\/wp-content\/uploads\/2023\/02\/logo_Baumassurance-300x63.jpg 300w, https:\/\/swissschools25.ahja.biz\/wp-content\/uploads\/2023\/02\/logo_Baumassurance.jpg 400w\" sizes=\"auto, (max-width: 300px) 100vw, 300px\" \/><\/p>\n<div class=\"wp-block-tnt-blocks-iconteaser icon-block\"><\/div>\n<\/div>\n","protected":false},"excerpt":{"rendered":"<p>La FSEP est en mesure d\u2019offrir \u00e0 ses membres un large \u00e9ventail de prestations. Baumassurance n\u00e9gocie de mani\u00e8re comp\u00e9tente dans l\u2019int\u00e9r\u00eat de chaque \u00e9cole\u00a0; est l\u2019interlocuteur pour toutes les assurances, y compris pour le personnel de l\u2019\u00e9cole\u00a0; vous conseille sur les questions relatives \u00e0 l\u2019arriv\u00e9e et au d\u00e9part de vos collaborateurs\u00a0; accompagne votre \u00e9cole en &#8230;<\/p>\n","protected":false},"author":1,"featured_media":19756,"parent":6293,"menu_order":0,"comment_status":"closed","ping_status":"closed","template":"","meta":{"_acf_changed":false,"_seopress_robots_primary_cat":"","_seopress_titles_title":"","_seopress_titles_desc":"","_seopress_robots_index":"","footnotes":""},"class_list":["post-6506","page","type-page","status-publish","has-post-thumbnail"],"acf":{"banner_title":"","bg_color":"rgb(10,0,0)","page_top_content":{"heading":"Les \u00e9coles membres de la FSEP b\u00e9n\u00e9ficient de solutions d\u2019assurances attractives","sub_heading":"Assurances","content":"<strong>La F\u00e9d\u00e9ration suisse des \u00e9coles priv\u00e9es FSEP travaille en \u00e9troite collaboration avec Baumassurance AG. Baumassurance n\u00e9gocie des conditions attractives pour les \u00e9coles membres de la FSEP avec divers assureurs.<\/strong>","icon":19212},"custom_boxes":{"content_box":null,"contact_box":{"icon":"","title":"","description":"","phone_number":"","email_address":""}},"news_heading":""},"_links":{"self":[{"href":"https:\/\/swissschools25.ahja.biz\/fr\/wp-json\/wp\/v2\/pages\/6506","targetHints":{"allow":["GET"]}}],"collection":[{"href":"https:\/\/swissschools25.ahja.biz\/fr\/wp-json\/wp\/v2\/pages"}],"about":[{"href":"https:\/\/swissschools25.ahja.biz\/fr\/wp-json\/wp\/v2\/types\/page"}],"author":[{"embeddable":true,"href":"https:\/\/swissschools25.ahja.biz\/fr\/wp-json\/wp\/v2\/users\/1"}],"replies":[{"embeddable":true,"href":"https:\/\/swissschools25.ahja.biz\/fr\/wp-json\/wp\/v2\/comments?post=6506"}],"version-history":[{"count":15,"href":"https:\/\/swissschools25.ahja.biz\/fr\/wp-json\/wp\/v2\/pages\/6506\/revisions"}],"predecessor-version":[{"id":19538,"href":"https:\/\/swissschools25.ahja.biz\/fr\/wp-json\/wp\/v2\/pages\/6506\/revisions\/19538"}],"up":[{"embeddable":true,"href":"https:\/\/swissschools25.ahja.biz\/fr\/wp-json\/wp\/v2\/pages\/6293"}],"wp:featuredmedia":[{"embeddable":true,"href":"https:\/\/swissschools25.ahja.biz\/fr\/wp-json\/wp\/v2\/media\/19756"}],"wp:attachment":[{"href":"https:\/\/swissschools25.ahja.biz\/fr\/wp-json\/wp\/v2\/media?parent=6506"}],"curies":[{"name":"wp","href":"https:\/\/api.w.org\/{rel}","templated":true}]}}