{"id":6524,"date":"2022-10-02T14:18:07","date_gmt":"2022-10-02T12:18:07","guid":{"rendered":"https:\/\/swissschools25.ahja.biz\/?page_id=6524"},"modified":"2023-09-11T09:17:05","modified_gmt":"2023-09-11T07:17:05","slug":"impressum","status":"publish","type":"page","link":"https:\/\/swissschools25.ahja.biz\/fr\/impressum\/","title":{"rendered":"Mentions l\u00e9gales"},"content":{"rendered":"<div class=\"entry\">\n<h3>Responsable du contenu<\/h3>\n<p>F\u00e9d\u00e9ration Suisse des Ecoles Priv\u00e9es (FSEP)<br \/>\nHotelgasse 1<br \/>\nCase postale<br \/>\nCH-3001 Berne<br \/>\n+41 (0) 31 328 40 50<br \/>\nEmail <span id=\"cloakc48498d02068b5295f1e81c3c9680d85\"><a href=\"mailto:info@swiss-schools.ch\">info@swiss-schools.ch<\/a><\/span><\/p>\n<h3>D\u00e9veloppement et design<\/h3>\n<p>Design: <a href=\"http:\/\/www.neuweiss.ch\" target=\"_blank\" rel=\"noopener\">neuweiss visuelle kommunikation<\/a><\/p>\n<p>D\u00e9veloppement et hosting: <a href=\"http:\/\/www.ahja.ch\/\" target=\"_blank\" rel=\"noopener\">ah,ja!<\/a><\/p>\n<h3>Garantie<\/h3>\n<p>Nous nous effor\u00e7ons de publier ici des informations correctes et actuelles. Le contenu a \u00e9t\u00e9 \u00e9labor\u00e9 avec le plus grand soin.\u00a0Il est toutefois possible que des erreurs puissent se pr\u00e9senter. Les auteurs et \u00e9diteurs n\u2019assument aucune garantie ni responsabilit\u00e9 quant \u00e0 la justesse, la fiabilit\u00e9, l\u2019exhaustivit\u00e9 et l\u2019actualit\u00e9 de l\u2019information. L\u2019utilisation du site Web et des renseignements qu\u2019il contient se fait aux risques de l&rsquo;utilisateur. Des changements peuvent intervenir en tout temps.<\/p>\n<\/div>\n","protected":false},"excerpt":{"rendered":"<p>Responsable du contenu F\u00e9d\u00e9ration Suisse des Ecoles Priv\u00e9es (FSEP) Hotelgasse 1 Case postale CH-3001 Berne +41 (0) 31 328 40 50 Email info@swiss-schools.ch D\u00e9veloppement et design Design: neuweiss visuelle kommunikation D\u00e9veloppement et hosting: ah,ja! Garantie Nous nous effor\u00e7ons de publier ici des informations correctes et actuelles. Le contenu a \u00e9t\u00e9 \u00e9labor\u00e9 avec le plus grand &#8230;<\/p>\n","protected":false},"author":15,"featured_media":5036,"parent":0,"menu_order":0,"comment_status":"closed","ping_status":"closed","template":"","meta":{"_acf_changed":false,"_seopress_robots_primary_cat":"","_seopress_titles_title":"","_seopress_titles_desc":"","_seopress_robots_index":"","footnotes":""},"class_list":["post-6524","page","type-page","status-publish","has-post-thumbnail"],"acf":{"banner_title":"","bg_color":"rgba(43,43,43,0.8)","page_top_content":{"heading":"","sub_heading":"","content":"","icon":null},"custom_boxes":{"content_box":null,"contact_box":{"icon":null,"title":"","description":"","phone_number":"","email_address":""}},"news_heading":""},"_links":{"self":[{"href":"https:\/\/swissschools25.ahja.biz\/fr\/wp-json\/wp\/v2\/pages\/6524","targetHints":{"allow":["GET"]}}],"collection":[{"href":"https:\/\/swissschools25.ahja.biz\/fr\/wp-json\/wp\/v2\/pages"}],"about":[{"href":"https:\/\/swissschools25.ahja.biz\/fr\/wp-json\/wp\/v2\/types\/page"}],"author":[{"embeddable":true,"href":"https:\/\/swissschools25.ahja.biz\/fr\/wp-json\/wp\/v2\/users\/15"}],"replies":[{"embeddable":true,"href":"https:\/\/swissschools25.ahja.biz\/fr\/wp-json\/wp\/v2\/comments?post=6524"}],"version-history":[{"count":3,"href":"https:\/\/swissschools25.ahja.biz\/fr\/wp-json\/wp\/v2\/pages\/6524\/revisions"}],"predecessor-version":[{"id":10654,"href":"https:\/\/swissschools25.ahja.biz\/fr\/wp-json\/wp\/v2\/pages\/6524\/revisions\/10654"}],"wp:featuredmedia":[{"embeddable":true,"href":"https:\/\/swissschools25.ahja.biz\/fr\/wp-json\/wp\/v2\/media\/5036"}],"wp:attachment":[{"href":"https:\/\/swissschools25.ahja.biz\/fr\/wp-json\/wp\/v2\/media?parent=6524"}],"curies":[{"name":"wp","href":"https:\/\/api.w.org\/{rel}","templated":true}]}}