{"id":6538,"date":"2022-10-02T14:30:54","date_gmt":"2022-10-02T12:30:54","guid":{"rendered":"https:\/\/swissschools25.ahja.biz\/?page_id=6538"},"modified":"2022-10-02T14:37:16","modified_gmt":"2022-10-02T12:37:16","slug":"jobs","status":"publish","type":"page","link":"https:\/\/swissschools25.ahja.biz\/fr\/jobs\/","title":{"rendered":"Jobs"},"content":{"rendered":"<div class=\"entry\">\n<h2 class=\"itemFullText\">Information de postulation<\/h2>\n<p>N\u00e9anmoins le secr\u00e9tariat de la FSEP ne s&rsquo;occupe pas du recrutement d\u2019enseignant-es. Nous vous prions donc de prendre directement contact avec <a href=\"https:\/\/swissschools25.ahja.biz\/schulen\/\" target=\"_blank\" rel=\"noopener\">les \u00e9coles membres de notre f\u00e9d\u00e9ration<\/a>.<\/p>\n<p>Pour des offres d&#8217;emploi aupr\u00e8s des \u00e9coles internationales le site Internet suivant pourrait vous \u00eatre utile:\u00a0<a href=\"http:\/\/www.sgischools.com\/\" target=\"_blank\" rel=\"noopener\">www.sgischools.com<\/a>.<\/p>\n<p>Les sites Web suivants seront \u00e9galement utiles:\u00a0Association vaudoise des \u00e9coles priv\u00e9es (<a href=\"http:\/\/www.avdep.ch\/\" target=\"_blank\" rel=\"noopener\">www.avdep.ch<\/a>)\u00a0pour les \u00e9coles dans le canton du Vaud,\u00a0Association genevoise des \u00e9coles priv\u00e9es (<a href=\"http:\/\/www.agep.ch\/\" target=\"_blank\" rel=\"noopener\">www.agep.ch<\/a>) pour les \u00e9coles dans le canton de Gen\u00e8ve et\u00a0<a href=\"http:\/\/www.lehrerstellen.ch\/\" target=\"_blank\" rel=\"noopener\">www.lehrerstellen.ch.<\/a> Vous trouverez \u00e9galement de nombreuses informations concernant la formation suisse en cliquant sur le lien suivant:\u00a0<a href=\"http:\/\/www.educa.ch\/fr\" target=\"_blank\" rel=\"noopener\">http:\/\/www.educa.ch\/fr<\/a>.<\/p>\n<p>Au sujet de la\u00a0reconnaissance des dipl\u00f4mes\u00a0et d&rsquo;autres informations y concernant les instances suivantes sont comp\u00e9tentes: le Secr\u00e9tariat d&rsquo;Etat \u00e0 la formation, \u00e0 la recherche et \u00e0 l&rsquo;innovation (<a href=\"http:\/\/www.sbfi.admin.ch\/?lang=fr\" target=\"_blank\" rel=\"noopener\">www.sbfi.admin.ch<\/a>) ainsi que swissuniversities (<a href=\"http:\/\/www.crus.ch\/\" target=\"_blank\" rel=\"noopener\">www.swissuniversities.ch<\/a>).<\/p>\n<p>Selon notre connaissance il n&rsquo;existe aucun centre de recrutement en Suisse uniquement pour les \u00e9coles priv\u00e9es. Nous vous prions de prendre bonne note de ce qui pr\u00e9c\u00e8de et esp\u00e9rons que ces quelques indications vous seront utiles pour mener \u00e0 bien vos recherches dans le domaine de l&rsquo;enseignement priv\u00e9 en Suisse.<\/p>\n<\/div>\n","protected":false},"excerpt":{"rendered":"<p>Information de postulation N\u00e9anmoins le secr\u00e9tariat de la FSEP ne s&rsquo;occupe pas du recrutement d\u2019enseignant-es. Nous vous prions donc de prendre directement contact avec les \u00e9coles membres de notre f\u00e9d\u00e9ration. Pour des offres d&#8217;emploi aupr\u00e8s des \u00e9coles internationales le site Internet suivant pourrait vous \u00eatre utile:\u00a0www.sgischools.com. Les sites Web suivants seront \u00e9galement utiles:\u00a0Association vaudoise des &#8230;<\/p>\n","protected":false},"author":15,"featured_media":19805,"parent":0,"menu_order":0,"comment_status":"closed","ping_status":"closed","template":"","meta":{"_acf_changed":false,"_seopress_robots_primary_cat":"","_seopress_titles_title":"","_seopress_titles_desc":"","_seopress_robots_index":"","footnotes":""},"class_list":["post-6538","page","type-page","status-publish","has-post-thumbnail"],"acf":{"banner_title":"","bg_color":"rgba(0,0,0,0.29)","page_top_content":{"heading":"","sub_heading":"","content":"","icon":null},"custom_boxes":{"content_box":null,"contact_box":{"icon":null,"title":"","description":"","phone_number":"","email_address":""}},"news_heading":""},"_links":{"self":[{"href":"https:\/\/swissschools25.ahja.biz\/fr\/wp-json\/wp\/v2\/pages\/6538","targetHints":{"allow":["GET"]}}],"collection":[{"href":"https:\/\/swissschools25.ahja.biz\/fr\/wp-json\/wp\/v2\/pages"}],"about":[{"href":"https:\/\/swissschools25.ahja.biz\/fr\/wp-json\/wp\/v2\/types\/page"}],"author":[{"embeddable":true,"href":"https:\/\/swissschools25.ahja.biz\/fr\/wp-json\/wp\/v2\/users\/15"}],"replies":[{"embeddable":true,"href":"https:\/\/swissschools25.ahja.biz\/fr\/wp-json\/wp\/v2\/comments?post=6538"}],"version-history":[{"count":2,"href":"https:\/\/swissschools25.ahja.biz\/fr\/wp-json\/wp\/v2\/pages\/6538\/revisions"}],"predecessor-version":[{"id":6552,"href":"https:\/\/swissschools25.ahja.biz\/fr\/wp-json\/wp\/v2\/pages\/6538\/revisions\/6552"}],"wp:featuredmedia":[{"embeddable":true,"href":"https:\/\/swissschools25.ahja.biz\/fr\/wp-json\/wp\/v2\/media\/19805"}],"wp:attachment":[{"href":"https:\/\/swissschools25.ahja.biz\/fr\/wp-json\/wp\/v2\/media?parent=6538"}],"curies":[{"name":"wp","href":"https:\/\/api.w.org\/{rel}","templated":true}]}}