{"id":6558,"date":"2021-08-07T16:53:55","date_gmt":"2021-08-07T14:53:55","guid":{"rendered":"https:\/\/swissschools25.ahja.biz\/?page_id=6558"},"modified":"2026-01-06T03:28:23","modified_gmt":"2026-01-06T02:28:23","slug":"links","status":"publish","type":"page","link":"https:\/\/swissschools25.ahja.biz\/fr\/links\/","title":{"rendered":"Links"},"content":{"rendered":"<div class=\"entry\">\n<h3>Associations r\u00e9gionales<\/h3>\n<table style=\"border-collapse: collapse; width: 100%;\" border=\"1\">\n<tbody>\n<tr>\n<td style=\"width: 50%;\"><a href=\"https:\/\/avdep.ch\/\" target=\"_blank\" rel=\"noopener\"><img loading=\"lazy\" decoding=\"async\" class=\"alignnone wp-image-9563 size-full\" src=\"https:\/\/swissschools25.ahja.biz\/wp-content\/uploads\/2023\/02\/avdep-main-logo.png\" alt=\"\" width=\"300\" height=\"59\" \/><\/a><\/td>\n<td style=\"width: 50%;\"><a href=\"https:\/\/www.agep.ch\/\" target=\"_blank\" rel=\"noopener\"><img loading=\"lazy\" decoding=\"async\" class=\"alignnone wp-image-19017 size-medium\" src=\"https:\/\/swissschools25.ahja.biz\/wp-content\/uploads\/2025\/10\/agep-200x600-1-300x75.png\" alt=\"\" width=\"300\" height=\"75\" srcset=\"https:\/\/swissschools25.ahja.biz\/wp-content\/uploads\/2025\/10\/agep-200x600-1-300x75.png 300w, https:\/\/swissschools25.ahja.biz\/wp-content\/uploads\/2025\/10\/agep-200x600-1.png 600w\" sizes=\"auto, (max-width: 300px) 100vw, 300px\" \/><\/a><\/td>\n<\/tr>\n<\/tbody>\n<\/table>\n<hr \/>\n<h3>Associations professionnelles<\/h3>\n<table>\n<tbody>\n<tr>\n<td><strong>Association Suisse des Institutions Priv\u00e9es d\u2019Etudes Sup\u00e9rieures (ASIPES)<br \/>\n<\/strong>Monsieur Bert Wolfs,\u00a0Pr\u00e9sident du ASIPES<br \/>\nT\u00e9l. 044 880 00 88<br \/>\nE-mail:\u00a0<a href=\"mailto:dean@sbs.edu\">dean@sbs.edu<\/a><br \/>\n<a href=\"https:\/\/asipes.ch\/de\/\" target=\"_blank\" rel=\"noopener\">https:\/\/asipes.ch\/de\/<\/a><\/td>\n<\/tr>\n<tr>\n<td><strong>GEB<br \/>\n<\/strong>Monsieur Norbert Foerster<br \/>\nE-mail:\u00a0<a href=\"mailto:admissions@sisd.ae\">admissions@sisd.ae<\/a><\/td>\n<\/tr>\n<tr>\n<td><strong>GEC<br \/>\n<\/strong>Monsieur Hubert Frainier<br \/>\nT\u00e9l. 032 493 20 33<br \/>\nE-mail: <a href=\"mailto:ecpremoutier@bluewin.ch\">ecpremoutier@bluewin.ch<\/a><\/td>\n<\/tr>\n<tr>\n<td><strong>GESBF \u00abGroupement des Ecoles Suisses qui pr\u00e9parent au Baccalaur\u00e9at Fran\u00e7ais\u00bb<br \/>\n<\/strong>Monsieur Emmanuel Coigny, Pr\u00e9sident du GESBF<br \/>\nTel. +41 22 775 56 37<br \/>\nE-mail:\u00a0<a href=\"mailto:emmanuel.coigny@cdl.ch\">emmanuel.coigny@cdl.ch<\/a><br \/>\n<a href=\"https:\/\/www.gesbf.ch\/\">https:\/\/www.gesbf.ch\/<\/a><\/td>\n<\/tr>\n<tr>\n<td><strong>Groupement Suisse des Internats Priv\u00e9s : Swissboardingschools<br \/>\n<\/strong><span style=\"font-family: inherit; font-size: inherit;\">Monsieur Alexandre Rauzy<br \/>\n<\/span>E-mail: <a href=\"mailto:info@swissboardingschools.com\">info@swissboardingschools.com<\/a><br \/>\n<a href=\"https:\/\/swissboardingschools.com\/\">https:\/\/swissboardingschools.com<\/a><\/td>\n<\/tr>\n<tr>\n<td><strong>Maturit\u00e4t<br \/>\n<\/strong><span style=\"font-family: inherit; font-size: inherit;\">Herr Christoph Baumgartner<br \/>\n<\/span>E-mail:\u00a0<a href=\"mailto:ralph.schlaepfer@juventus.ch\">baumgartner@nsz.ch<\/a><\/td>\n<\/tr>\n<tr>\n<td><strong>Maturit\u00e9 (GREM)<br \/>\n<\/strong>Monsieur Daniel Zumbrunnen<br \/>\nE-mail:\u00a0<a href=\"mailto:daniel.zumbrunnen@champittet.ch\">daniel.zumbrunnen@champittet.ch<\/a><\/td>\n<\/tr>\n<\/tbody>\n<\/table>\n<div><\/div>\n<div>\n<hr \/>\n<\/div>\n<div>\n<h3>Associations partenaires<\/h3>\n<table style=\"border-collapse: collapse; width: 100%;\" border=\"1\">\n<tbody>\n<tr>\n<td style=\"width: 33.3333%;\"><a href=\"https:\/\/steinerschule.ch\/\" target=\"_blank\" rel=\"noopener\"><img loading=\"lazy\" decoding=\"async\" class=\"alignnone aligncenter\" src=\"https:\/\/steinerschule.ch\/wp-content\/uploads\/2019\/06\/Logo_Schriftzug6.png\" alt=\"Rudolf Steiner Schulen Schweiz Logo\" width=\"435\" height=\"100\" \/><\/a><\/td>\n<td style=\"width: 33.3333%; text-align: center;\"><a href=\"https:\/\/www.katholischeschulen.ch\/\" target=\"_blank\" rel=\"noopener\"><img loading=\"lazy\" decoding=\"async\" class=\"alignnone\" src=\"https:\/\/www.katholischeschulen.ch\/wp-content\/themes\/devdmbootstrap3-child\/images\/logo_de.png\" alt=\"Logo\" width=\"609\" height=\"118\" \/><\/a><\/td>\n<td style=\"width: 33.3333%; text-align: center;\"><a href=\"https:\/\/privatschulen.de\/\" target=\"_blank\" rel=\"noopener\"><img loading=\"lazy\" decoding=\"async\" class=\"alignnone\" src=\"https:\/\/privatschulen.de\/wp-content\/uploads\/2021\/04\/vdp_logo_rot.png\" alt=\"\" width=\"1000\" height=\"658\" \/><\/a><\/td>\n<\/tr>\n<tr>\n<td style=\"width: 33.3333%;\"><a style=\"color: #993366;\" href=\"http:\/\/www.internateportal.de\" target=\"_blank\" rel=\"noopener\"><img loading=\"lazy\" decoding=\"async\" src=\"https:\/\/swissschools25.ahja.biz\/images\/images\/Home\/Links\/Partnerverbaende\/internate_portal_logo.jpg\" alt=\"internate portal logo\" width=\"280\" height=\"51\" \/><\/a><\/td>\n<td style=\"width: 33.3333%;\"><a style=\"color: #993366;\" href=\"http:\/\/www.qualitaetsinternate.ch\/\" target=\"_blank\" rel=\"noopener\"><img loading=\"lazy\" decoding=\"async\" src=\"https:\/\/swissschools25.ahja.biz\/images\/images\/Home\/Links\/Partnerverbaende\/logo_quali.gif\" alt=\"logo quali\" width=\"277\" height=\"111\" \/><\/a><\/td>\n<td style=\"width: 33.3333%;\"><a href=\"https:\/\/www.sgischools.com\/\" target=\"_blank\" rel=\"noopener\"><img loading=\"lazy\" decoding=\"async\" class=\"alignnone\" src=\"https:\/\/static.wixstatic.com\/media\/7abd1b_7b1b0ea2bdbf4182b61183163e4bd599~mv2.png\/v1\/fill\/w_377,h_113,al_c,q_85,usm_0.66_1.00_0.01,enc_avif,quality_auto\/Logo%20text%20(1).png\" alt=\"Logo text (1).png\" width=\"377\" height=\"113\" \/><\/a><\/td>\n<\/tr>\n<\/tbody>\n<\/table>\n<\/div>\n<div style=\"text-align: center;\"><\/div>\n<div><\/div>\n<div><\/div>\n<div>\n<hr \/>\n<h3>\u00a0La Suisse, pays de l&rsquo;\u00e9ducation<\/h3>\n<table style=\"border-collapse: collapse; width: 100%;\" border=\"1\">\n<tbody>\n<tr>\n<td style=\"width: 33.3333%; text-align: center;\"><a style=\"color: #993366;\" href=\"http:\/\/www.swissprivateschoolregister.com\/\" target=\"_blank\" rel=\"noopener\"><img loading=\"lazy\" decoding=\"async\" src=\"https:\/\/swissschools25.ahja.biz\/images\/images\/Home\/Links\/Bildungsland_Schweiz\/logo_spsr.gif\" alt=\"logo spsr\" width=\"189\" height=\"108\" \/><\/a><\/td>\n<td style=\"width: 33.3333%; text-align: center;\"><a href=\"https:\/\/www.edk.ch\/en\/education-system-ch\" target=\"_blank\" rel=\"noopener\"><img loading=\"lazy\" decoding=\"async\" class=\"alignnone\" src=\"https:\/\/edk-api.webcloud7.ch\/en\/education-system-ch\/@@images\/subsite_logo-400-f9a6d8ca38715bafb535424e7b187faf.png\" alt=\"edk\" width=\"400\" height=\"66\" \/><\/a><\/td>\n<\/tr>\n<tr>\n<td style=\"width: 33.3333%; text-align: center;\"><a href=\"https:\/\/www.k-hf.ch\/\" target=\"_blank\" rel=\"noopener\"><img loading=\"lazy\" decoding=\"async\" class=\"alignnone\" src=\"https:\/\/www.k-hf.ch\/_resources\/themes\/ao\/images\/logo.svg\" alt=\"Schweizerische Konferenz der H\u00f6heren Fachschulen\" width=\"300\" height=\"48\" \/><\/a><\/td>\n<td style=\"width: 33.3333%; text-align: center;\"><a href=\"https:\/\/www.swissuniversities.ch\/\" target=\"_blank\" rel=\"noopener\"><img loading=\"lazy\" decoding=\"async\" class=\"alignnone\" src=\"https:\/\/www.swissuniversities.ch\/_assets\/feb1d86054ab2e718cccf9db6ed46074\/Partials\/Logo\/Images\/Logo.svg\" alt=\"swissuniversities Logo\" width=\"300\" height=\"35\" \/><\/a><\/td>\n<\/tr>\n<\/tbody>\n<\/table>\n<div>\n<p>&nbsp;<\/p>\n<hr \/>\n<h3>Tourisme\/Expatri\u00e9s<\/h3>\n<table style=\"border-collapse: collapse; width: 100%;\" border=\"1\">\n<tbody>\n<tr>\n<td style=\"width: 33.3333%;\"><a href=\"https:\/\/www.myswitzerland.com\/de-ch\/\" target=\"_blank\" rel=\"noopener\"><img loading=\"lazy\" decoding=\"async\" class=\"alignnone\" src=\"https:\/\/upload.wikimedia.org\/wikipedia\/commons\/thumb\/7\/72\/Switzerland_Tourism_Logo.svg\/2560px-Switzerland_Tourism_Logo.svg.png\" alt=\"Datei:Switzerland Tourism Logo.svg \u2013 Wikipedia\" width=\"2560\" height=\"360\" \/><\/a><\/td>\n<td style=\"width: 33.3333%;\"><a style=\"color: #993366;\" href=\"http:\/\/www.premiumswitzerland.com\/\" target=\"_blank\" rel=\"noopener\"><img loading=\"lazy\" decoding=\"async\" src=\"https:\/\/swissschools25.ahja.biz\/images\/images\/Home\/Links\/Tourismus_expats\/PremiumSwitzerland_Logo.jpg\" alt=\"PremiumSwitzerland Logo\" width=\"416\" height=\"60\" \/><\/a><\/td>\n<td style=\"width: 33.3333%;\"><a href=\"http:\/\/www.mypremiumeurope.com\/\" target=\"_blank\" rel=\"noopener\"><img loading=\"lazy\" decoding=\"async\" class=\"alignnone\" src=\"https:\/\/swissschools25.ahja.biz\/images\/images\/Home\/Links\/Tourismus_expats\/premiumeurope_logo.jpg\" alt=\"premiumeurope logo\" width=\"416\" height=\"109\" \/><\/a><\/td>\n<\/tr>\n<\/tbody>\n<\/table>\n<\/div>\n<div><\/div>\n<div><\/div>\n<div><\/div>\n<\/div>\n<p>&nbsp;<\/p>\n<\/div>\n","protected":false},"excerpt":{"rendered":"<p>Associations r\u00e9gionales Associations professionnelles Association Suisse des Institutions Priv\u00e9es d\u2019Etudes Sup\u00e9rieures (ASIPES) Monsieur Bert Wolfs,\u00a0Pr\u00e9sident du ASIPES T\u00e9l. 044 880 00 88 E-mail:\u00a0dean@sbs.edu https:\/\/asipes.ch\/de\/ GEB Monsieur Norbert Foerster E-mail:\u00a0admissions@sisd.ae GEC Monsieur Hubert Frainier T\u00e9l. 032 493 20 33 E-mail: ecpremoutier@bluewin.ch GESBF \u00abGroupement des Ecoles Suisses qui pr\u00e9parent au Baccalaur\u00e9at Fran\u00e7ais\u00bb Monsieur Emmanuel Coigny, Pr\u00e9sident du &#8230;<\/p>\n","protected":false},"author":1,"featured_media":20033,"parent":0,"menu_order":0,"comment_status":"closed","ping_status":"closed","template":"","meta":{"_acf_changed":false,"_seopress_robots_primary_cat":"","_seopress_titles_title":"","_seopress_titles_desc":"","_seopress_robots_index":"","footnotes":""},"class_list":["post-6558","page","type-page","status-publish","has-post-thumbnail"],"acf":{"banner_title":"","bg_color":"rgba(0,0,0,0.29)","page_top_content":{"heading":"S\u00e9lection d'organisations et de partenaires en bref","sub_heading":"Liens","content":"","icon":19192},"custom_boxes":{"content_box":null,"contact_box":{"icon":"","title":"","description":"","phone_number":"","email_address":""}},"news_heading":""},"_links":{"self":[{"href":"https:\/\/swissschools25.ahja.biz\/fr\/wp-json\/wp\/v2\/pages\/6558","targetHints":{"allow":["GET"]}}],"collection":[{"href":"https:\/\/swissschools25.ahja.biz\/fr\/wp-json\/wp\/v2\/pages"}],"about":[{"href":"https:\/\/swissschools25.ahja.biz\/fr\/wp-json\/wp\/v2\/types\/page"}],"author":[{"embeddable":true,"href":"https:\/\/swissschools25.ahja.biz\/fr\/wp-json\/wp\/v2\/users\/1"}],"replies":[{"embeddable":true,"href":"https:\/\/swissschools25.ahja.biz\/fr\/wp-json\/wp\/v2\/comments?post=6558"}],"version-history":[{"count":11,"href":"https:\/\/swissschools25.ahja.biz\/fr\/wp-json\/wp\/v2\/pages\/6558\/revisions"}],"predecessor-version":[{"id":19831,"href":"https:\/\/swissschools25.ahja.biz\/fr\/wp-json\/wp\/v2\/pages\/6558\/revisions\/19831"}],"wp:featuredmedia":[{"embeddable":true,"href":"https:\/\/swissschools25.ahja.biz\/fr\/wp-json\/wp\/v2\/media\/20033"}],"wp:attachment":[{"href":"https:\/\/swissschools25.ahja.biz\/fr\/wp-json\/wp\/v2\/media?parent=6558"}],"curies":[{"name":"wp","href":"https:\/\/api.w.org\/{rel}","templated":true}]}}