{"id":9135,"date":"2021-05-20T11:30:48","date_gmt":"2021-05-20T09:30:48","guid":{"rendered":"https:\/\/swissschools25.ahja.biz\/?page_id=9135"},"modified":"2026-01-09T00:29:48","modified_gmt":"2026-01-08T23:29:48","slug":"fsep","status":"publish","type":"page","link":"https:\/\/swissschools25.ahja.biz\/fr\/fsep\/","title":{"rendered":"F\u00e9d\u00e9ration Suisse des \u00c9coles Priv\u00e9es FSEP"},"content":{"rendered":"<div class=\"entry\">\n<p>La FSEP<\/p>\n<ul>\n<li>s\u2019engage \u00e0 garantir des conditions politiques, \u00e9conomiques et juridiques solides\u00a0;<a name=\"_Toc197958438\"><\/a><\/li>\n<li>d\u00e9fend un droit diff\u00e9renci\u00e9 au libre choix de l\u2019\u00e9cole\u00a0;<a name=\"_Toc197958439\"><\/a><\/li>\n<li>revendique un syst\u00e8me de financement \u00e9quitable qui place les \u00e9coles publiques et priv\u00e9es sur un pied d\u2019\u00e9galit\u00e9.<\/li>\n<\/ul>\n<h3><strong>Un engagement qui a fait ses preuves<\/strong><\/h3>\n<p>La FSEP d\u00e9fend les int\u00e9r\u00eats des \u00e9coles priv\u00e9es. En t\u00e9moignent les exemples suivants\u00a0:<\/p>\n<ul>\n<li><strong>Imposition\u00a0:<\/strong> la FSEP s\u2019est engag\u00e9e avec succ\u00e8s contre l\u2019assujettissement de l\u2019enseignement priv\u00e9 \u00e0 la TVA et en faveur de d\u00e9ductions fiscales pertinentes pour la formation.<\/li>\n<li><strong>Droits d\u2019auteur\u00a0:<\/strong> la FSEP s\u2019oppose avec succ\u00e8s aux redevances trop \u00e9lev\u00e9es de ProLitteris, suissimage, etc. pr\u00e9lev\u00e9es au titre des droits d\u2019auteurs.<\/li>\n<li><strong>Registre des \u00e9coles priv\u00e9es\u00a0:<\/strong> la FSEP a co-initi\u00e9 la cr\u00e9ation du Registre des \u00e9coles priv\u00e9es en Suisse, le seul registre suisse reconnu par les instances officielles. Les \u00e9coles inscrites au Registre sont pr\u00e9sum\u00e9es garantir une offre de cours de formation initiale et continue adapt\u00e9e.<\/li>\n<li><strong>Commission suisse de maturit\u00e9\u00a0:<\/strong> la FSEP d\u00e9fend les int\u00e9r\u00eats des \u00e9coles priv\u00e9es au sein de la Commission suisse de maturit\u00e9 CSM.<\/li>\n<\/ul>\n<h3>Ensemble pour des \u00e9coles priv\u00e9es fortes<\/h3>\n<p>La FSEP est la voix des \u00e9coles priv\u00e9es suisses. Une voix qui est entendue. Rejoignez notre mouvement, engagez-vous avec nous pour des \u00e9coles priv\u00e9es fortes. En tant que membre de la FSEP, votre \u00e9cole b\u00e9n\u00e9ficie de services attractifs. L&rsquo;adh\u00e9sion met en avant la grande qualit\u00e9 de votre \u00e9cole. Cela inspire confiance.<\/p>\n<div class=\"popup\"><\/div>\n<\/div>\n","protected":false},"excerpt":{"rendered":"<p>La FSEP s\u2019engage \u00e0 garantir des conditions politiques, \u00e9conomiques et juridiques solides\u00a0; d\u00e9fend un droit diff\u00e9renci\u00e9 au libre choix de l\u2019\u00e9cole\u00a0; revendique un syst\u00e8me de financement \u00e9quitable qui place les \u00e9coles publiques et priv\u00e9es sur un pied d\u2019\u00e9galit\u00e9. Un engagement qui a fait ses preuves La FSEP d\u00e9fend les int\u00e9r\u00eats des \u00e9coles priv\u00e9es. En t\u00e9moignent &#8230;<\/p>\n","protected":false},"author":1,"featured_media":19764,"parent":0,"menu_order":0,"comment_status":"closed","ping_status":"closed","template":"template-vsp.php","meta":{"_acf_changed":false,"_seopress_robots_primary_cat":"","_seopress_titles_title":"","_seopress_titles_desc":"","_seopress_robots_index":"","footnotes":""},"class_list":["post-9135","page","type-page","status-publish","has-post-thumbnail"],"acf":{"banner_title":"&nbsp;\r\n<div class=\"popup\"><\/div>","bg_color":"rgba(2,2,2,0.29)","page_top_content":{"heading":"Nous sommes la voix des \u00e9coles priv\u00e9es suisses","sub_heading":"F\u00e9d\u00e9ration suisse des \u00e9coles priv\u00e9es FSEP","content":"L\u2019enseignement priv\u00e9 n\u00e9cessite des conditions-cadres politiques, \u00e9conomiques et juridiques solides. La F\u00e9d\u00e9ration des \u00e9coles priv\u00e9es suisses FSEP s\u2019engage en ce sens. Nous d\u00e9fendons les int\u00e9r\u00eats de nos membres au niveau national et r\u00e9gional.\r\n<div class=\"popup\"><\/div>","icon":18738},"custom_boxes":{"content_box":[{"icon":18749,"title":"Affiliation","description":"Devenez membre de la FSEP.","button":{"title":"plus","button_type":"page","page_link":6203,"url":"","file":null}},{"icon":18745,"title":"Prestations","description":"D\u00e9couvrez nos prestations.","button":{"title":"plus","button_type":"page","page_link":6293,"url":"","file":null}},{"icon":18753,"title":"Organisation","description":"D\u00e9couvrez l'organisation de la FSEP.","button":{"title":"plus","button_type":"page","page_link":6088,"url":"","file":null}}],"contact_box":{"icon":"","title":"","description":"","phone_number":"","email_address":""}},"news_heading":"Les actus de la f\u00e9d\u00e9ration"},"_links":{"self":[{"href":"https:\/\/swissschools25.ahja.biz\/fr\/wp-json\/wp\/v2\/pages\/9135","targetHints":{"allow":["GET"]}}],"collection":[{"href":"https:\/\/swissschools25.ahja.biz\/fr\/wp-json\/wp\/v2\/pages"}],"about":[{"href":"https:\/\/swissschools25.ahja.biz\/fr\/wp-json\/wp\/v2\/types\/page"}],"author":[{"embeddable":true,"href":"https:\/\/swissschools25.ahja.biz\/fr\/wp-json\/wp\/v2\/users\/1"}],"replies":[{"embeddable":true,"href":"https:\/\/swissschools25.ahja.biz\/fr\/wp-json\/wp\/v2\/comments?post=9135"}],"version-history":[{"count":32,"href":"https:\/\/swissschools25.ahja.biz\/fr\/wp-json\/wp\/v2\/pages\/9135\/revisions"}],"predecessor-version":[{"id":20018,"href":"https:\/\/swissschools25.ahja.biz\/fr\/wp-json\/wp\/v2\/pages\/9135\/revisions\/20018"}],"wp:featuredmedia":[{"embeddable":true,"href":"https:\/\/swissschools25.ahja.biz\/fr\/wp-json\/wp\/v2\/media\/19764"}],"wp:attachment":[{"href":"https:\/\/swissschools25.ahja.biz\/fr\/wp-json\/wp\/v2\/media?parent=9135"}],"curies":[{"name":"wp","href":"https:\/\/api.w.org\/{rel}","templated":true}]}}