{"id":9234,"date":"2021-05-20T11:31:14","date_gmt":"2021-05-20T09:31:14","guid":{"rendered":"https:\/\/swissschools25.ahja.biz\/?page_id=9234"},"modified":"2026-01-06T04:41:45","modified_gmt":"2026-01-06T03:41:45","slug":"bourses-detudes","status":"publish","type":"page","link":"https:\/\/swissschools25.ahja.biz\/fr\/pour-les-eleves-les-etudiants-et-les-parents\/bourses-detudes\/","title":{"rendered":"Bourses d\u2019\u00e9tudes"},"content":{"rendered":"<div class=\"entry\">\n<p>Chaque ann\u00e9e, la Fondation octroie des bourses d\u2019\u00e9tudes pour un total de pr\u00e8s de 50\u00a0000\u00a0francs. Un requ\u00e9rant ou son tuteur l\u00e9gal peut d\u00e9poser une demande d\u2019allocation d\u2019\u00e9tude dans la mesure o\u00f9 son revenu annuel brut ne d\u00e9passe pas 64\u00a0000\u00a0francs. Pour chaque enfant suppl\u00e9mentaire en formation, la limite de revenu est relev\u00e9e de 6000\u00a0francs.<\/p>\n<p>La commission de la Fondation des \u00e9coles priv\u00e9es suisses distribue deux fois par an, en juin et en d\u00e9cembre, des bourses d&rsquo;\u00e9tudes aux candidats qui en font la demande.<\/p>\n<p>Les demandes compl\u00e8tes doivent \u00eatre d\u00e9pos\u00e9es au plus tard le 15 avril ou le 15 octobre de l&rsquo;ann\u00e9e suivant le d\u00e9but de la formation.<\/p>\n<blockquote><p>Exemple : si vous commencez votre formation en ao\u00fbt, vous devez soumettre votre demande compl\u00e8te avant le 15 octobre. La commission de la fondation se prononce ensuite en d\u00e9cembre sur les demandes re\u00e7ues.<\/p><\/blockquote>\n<p>Vous pouvez d\u00e9poser une demande \u00e0 l\u2019aide du formulaire suivant\u00a0:<\/p>\n<p><a href=\"https:\/\/www.swiss-schools.ch\/wp-content\/uploads\/2021\/08\/Gesuchsformular_Dezember_2017.pdf\">Formulaire de demande d\u2019allocation d\u2019\u00e9tude (PDF)<\/a><\/p>\n<hr \/>\n<h3><\/h3>\n<h3><strong>Extrait des directives de la Fondation des \u00e9coles priv\u00e9es suisses<\/strong><\/h3>\n<h4>Principe<\/h4>\n<ul>\n<li>Le montant total des allocations octroy\u00e9es ne doit pas d\u00e9passer les recettes annuelles de la Fondation (soit env. CHF 50\u2019000.00). Cela revient \u00e0 dire que les allocations uniques de notre fondation s\u2019allouent \u00e0\u00a0<strong>environ CHF 1\u2019000.00 et CHF 3\u2019000.00 par requ\u00e9rant-e<\/strong>. Les ressources de la Fondation \u00e9tant limit\u00e9es, il ne subsiste aucune pr\u00e9tention fond\u00e9e en droit pour l\u2019octroi d\u2019une allocation unique et la voie judiciaire est exclue.<\/li>\n<li>Les r\u00e9gions linguistiques de la Suisse sont prises en consid\u00e9ration de mani\u00e8re \u00e9quitable.<\/li>\n<li>Pour votre orientation, nous nous permettons d\u2019attirer votre attention sur le fait, que le revenu brut annuel du requ\u00e9rant ne doit pas d\u00e9passer la somme de CHF 64\u2019000.00 ; pour les personnes adultes, le revenu et la fortune des parents sont \u00e0 retenir dans le calcul. Si un deuxi\u00e8me enfant est en voie de formation le montant susmentionn\u00e9 s\u2019\u00e9l\u00e8ve \u00e0 CHF 70\u2019000.00, dans le cas de deux enfants \u00e0 CHF 76\u2019000.00 etc.<\/li>\n<\/ul>\n<h4><strong>Autres informations importantes<\/strong><\/h4>\n<ul>\n<li>Veuillez noter que seules les formations qui durent\u00a0<strong>au moins une ann\u00e9e scolaire<\/strong>\u00a0sont soutenues.<\/li>\n<\/ul>\n<ul>\n<li>Il importe de retenir que\u00a0<strong>les contributions de la Fondation ne sont pas destin\u00e9es \u00e0<\/strong>\u00a0payer les frais scolaires de\u00a0<strong>formations d\u00e9j\u00e0 achev\u00e9es ou non entam\u00e9es<\/strong>. De m\u00eame, aucune bourse ne sera octroy\u00e9e pour couvrir des dettes de frais scolaires qui subsistent apr\u00e8s l\u2019ach\u00e8vement de la formation.<\/li>\n<li>La Fondation des \u00e9coles priv\u00e9es suisses\u00a0<strong>n\u2019octroie qu\u2019une allocation d\u2019\u00e9tude par requ\u00e9rant-e<\/strong>, ind\u00e9pendamment de la dur\u00e9e de formation. Chaque requ\u00e9rant-e ne peut donc soumettre qu\u2019une demande au plus.<\/li>\n<li><strong>Si le ou la requ\u00e9rante per\u00e7oit d\u00e9j\u00e0 une bourse, une allocation ou un pr\u00eat de son canton de domicile ou d\u2019une autre instance, sa demande ne sera pas prise en consid\u00e9ration.<\/strong><\/li>\n<\/ul>\n<ul>\n<li><strong>Seuls les formulaires remplis correctement<\/strong>\u00a0et donnant des informations pr\u00e9cises sur le revenu et la fortune du requ\u00e9rant et de ses parents seront\u00a0<strong>pris en consid\u00e9ration<\/strong>.<\/li>\n<li>Si le\u00a0<strong>revenu<\/strong>\u00a0du\/de la requ\u00e9rant-e (revenu et fortune des parents y compris)\u00a0<strong>d\u00e9passe les limites pr\u00e9cit\u00e9es<\/strong>, nous d\u00e9conseillons de soumettre une demande d\u2019allocation.\u00a0<strong>Celle-ci ne serait pas approuv\u00e9e<\/strong>.<\/li>\n<\/ul>\n<h4><strong>Documents \u00e0 joindre \u00e0 votre demande<\/strong><\/h4>\n<p>Pour compl\u00e9ter votre demande d\u2019allocation d\u2019\u00e9tude, nous vous prions de nous remettre les documents suivants:<\/p>\n<ul>\n<li><strong>Une confirmation du revenu et une confirmation de la fortune du requ\u00e9rant\/de la requ\u00e9rante et des parents (p.ex. la d\u00e9claration d\u2019imp\u00f4t)<\/strong>. Il ne suffit pas de nous remettre une copie de la fiche de salaire. La fortune et le revenu brut du\/de la requ\u00earant-e et de ses parents doivent \u00eatre document\u00e9s.<\/li>\n<li><strong>Une copie de la d\u00e9cision cantonale concernant votre demande de bourse.<\/strong>\u00a0Les cantons octroient \u00e9galement des bourses et des pr\u00eats. Seul-e-s les requ\u00e9rant-e-s ayant d\u00e9j\u00e0 soumis une demande de bourse au canton et re\u00e7u une r\u00e9ponse n\u00e9gative seront pris en compte pour une bourse \u00e9ventuelle de la Fondation de la FSEP. A cet effet, nous avons besoin de la d\u00e9cision cantonale concernant votre demande.<\/li>\n<li><strong>L\u2019attestation de formation de l\u2019\u00e9cole.<\/strong>\u00a0La Fondation des Ecoles Priv\u00e9es Suisses a besoin d\u2019une attestation de l\u2019\u00e9cole certifiant que vous avez d\u00e9j\u00e0 entam\u00e9 votre formation.<\/li>\n<li><strong>Une copie de votre dernier certificat \/ bulletin de notes.<\/strong><\/li>\n<\/ul>\n<p><strong>Nous ne pourrons pas traiter votre demande sans ces documents.<\/strong><\/p>\n<p>&nbsp;<\/p>\n<\/div>\n","protected":false},"excerpt":{"rendered":"<p>Chaque ann\u00e9e, la Fondation octroie des bourses d\u2019\u00e9tudes pour un total de pr\u00e8s de 50\u00a0000\u00a0francs. Un requ\u00e9rant ou son tuteur l\u00e9gal peut d\u00e9poser une demande d\u2019allocation d\u2019\u00e9tude dans la mesure o\u00f9 son revenu annuel brut ne d\u00e9passe pas 64\u00a0000\u00a0francs. Pour chaque enfant suppl\u00e9mentaire en formation, la limite de revenu est relev\u00e9e de 6000\u00a0francs. La commission &#8230;<\/p>\n","protected":false},"author":1,"featured_media":19752,"parent":14393,"menu_order":0,"comment_status":"closed","ping_status":"closed","template":"","meta":{"_acf_changed":false,"_seopress_robots_primary_cat":"","_seopress_titles_title":"","_seopress_titles_desc":"","_seopress_robots_index":"","footnotes":""},"class_list":["post-9234","page","type-page","status-publish","has-post-thumbnail"],"acf":{"banner_title":"","bg_color":"rgba(2,2,2,0.29)","page_top_content":{"heading":"Fondation des \u00e9coles priv\u00e9es suisses","sub_heading":"Bourses d\u2019\u00e9tudes","content":"<strong>L\u2019\u00e9ducation devrait \u00eatre \u00e0 la port\u00e9e de tous. Dans des cas motiv\u00e9s, la Fondation des \u00e9coles priv\u00e9es suisses soutient ainsi les \u00e9l\u00e8ves et les \u00e9tudiants en leur octroyant une allocation d\u2019\u00e9tude unique comprise entre 1000 et 3000\u00a0francs.<\/strong>","icon":18690},"custom_boxes":{"content_box":null,"contact_box":{"icon":"","title":"","description":"","phone_number":"","email_address":""}},"news_heading":""},"_links":{"self":[{"href":"https:\/\/swissschools25.ahja.biz\/fr\/wp-json\/wp\/v2\/pages\/9234","targetHints":{"allow":["GET"]}}],"collection":[{"href":"https:\/\/swissschools25.ahja.biz\/fr\/wp-json\/wp\/v2\/pages"}],"about":[{"href":"https:\/\/swissschools25.ahja.biz\/fr\/wp-json\/wp\/v2\/types\/page"}],"author":[{"embeddable":true,"href":"https:\/\/swissschools25.ahja.biz\/fr\/wp-json\/wp\/v2\/users\/1"}],"replies":[{"embeddable":true,"href":"https:\/\/swissschools25.ahja.biz\/fr\/wp-json\/wp\/v2\/comments?post=9234"}],"version-history":[{"count":11,"href":"https:\/\/swissschools25.ahja.biz\/fr\/wp-json\/wp\/v2\/pages\/9234\/revisions"}],"predecessor-version":[{"id":19880,"href":"https:\/\/swissschools25.ahja.biz\/fr\/wp-json\/wp\/v2\/pages\/9234\/revisions\/19880"}],"up":[{"embeddable":true,"href":"https:\/\/swissschools25.ahja.biz\/fr\/wp-json\/wp\/v2\/pages\/14393"}],"wp:featuredmedia":[{"embeddable":true,"href":"https:\/\/swissschools25.ahja.biz\/fr\/wp-json\/wp\/v2\/media\/19752"}],"wp:attachment":[{"href":"https:\/\/swissschools25.ahja.biz\/fr\/wp-json\/wp\/v2\/media?parent=9234"}],"curies":[{"name":"wp","href":"https:\/\/api.w.org\/{rel}","templated":true}]}}