{"id":6432,"date":"2021-08-05T20:41:14","date_gmt":"2021-08-05T18:41:14","guid":{"rendered":"https:\/\/swissschools25.ahja.biz\/?page_id=6432"},"modified":"2025-12-18T16:00:49","modified_gmt":"2025-12-18T15:00:49","slug":"garanzia-della-qualita","status":"publish","type":"page","link":"https:\/\/swissschools25.ahja.biz\/it\/fssp\/servizi-vsp\/garanzia-della-qualita\/","title":{"rendered":"Garanzia della qualit\u00e0"},"content":{"rendered":"<div class=\"entry\">\n<p>La FSSP controlla che i suoi membri soddisfino i criteri di garanzia della qualit\u00e0 e conferisce loro lo \u00abSwiss Schools Quality Label\u00bb, una certificazione che genera fiducia negli alunni, negli studenti, nei loro genitori e nelle autorit\u00e0. Le scuole FSSP possono cos\u00ec candidarsi per i mandati di formazione pubblici e chiedere il riconoscimento per singoli cicli di formazione. La certificazione avviene secondo quanto stabilito dal Regolamento di adesione alla FSSP.<\/p>\n<ul>\n<li><strong><a href=\"https:\/\/www.swiss-schools.ch\/wp-content\/uploads\/2024\/11\/241104-Mitgliedschaftsreglement-VSP_DE.pdf\">Regolamento di adesione alla FSSP<\/a> (PDF in tedesco)<\/strong><\/li>\n<\/ul>\n<p>&nbsp;<\/p>\n<h3><strong>Certificazione esterna<\/strong><\/h3>\n<p>Le scuole membro in possesso di una certificazione esterna o figuranti nel Registro delle scuole private svizzere presentano di propria iniziativa la certificazione e ogni ricertificazione alla Segreteria generale FSSP. La Commissione per l\u2019adesione dei membri gestisce un elenco dei sistemi di qualit\u00e0 riconosciuti a livello nazionale e internazionale.<\/p>\n<ul>\n<li><strong><a href=\"https:\/\/www.swiss-schools.ch\/wp-content\/uploads\/2024\/05\/Qualisysteme_national_d.pdf\">Sistemi nazionali di garanzia della qualit\u00e0<\/a> (PDF in tedesco)<\/strong><\/li>\n<li><strong><a href=\"https:\/\/www.swiss-schools.ch\/wp-content\/uploads\/2023\/12\/Qualisysteme_international_d-1.pdf\">Sistemi internazionali di garanzia della qualit\u00e0<\/a> (PDF in tedesco)<\/strong><\/li>\n<\/ul>\n<p>&nbsp;<\/p>\n<h3><strong>Certificazione interna<\/strong><\/h3>\n<p>Le scuole membro che sono soggette alla supervisione dello Stato o a un controllo della qualit\u00e0, possono fornire la prova di qualit\u00e0 sottoponendosi alla procedura di garanzia della qualit\u00e0 interna alla federazione. La richiesta, completa di tutti gli allegati, va inviata al pi\u00f9 tardi sei mesi prima della scadenza della certificazione in corso di validit\u00e0 alla Segreteria generale FSSP per e-mail o per posta. La Commissione per l\u2019adesione dei membri esamina la richiesta e si reca in visita nella scuola.<\/p>\n<p>La certificazione rilasciata internamente alla federazione \u00e8 valida per quattro anni, dopodich\u00e9 la procedura andr\u00e0 completamente ripetuta.<\/p>\n<p>I costi per la certificazione interna variano da 700 a 3600 franchi (a dipendenza della massa salariale AVS), ai quali si aggiungono 1500 franchi per la visita alla scuola (v. allegato al Regolamento di adesione alla FSSP).<\/p>\n<ul>\n<li><strong><a href=\"https:\/\/www.swiss-schools.ch\/wp-content\/uploads\/2024\/10\/241023-Gesuchsformular-interne-QS_DE_form.pdf\">Richiesta di certificazione interna<\/a> (PDF in tedesco)<\/strong><\/li>\n<\/ul>\n<\/div>\n","protected":false},"excerpt":{"rendered":"<p>La FSSP controlla che i suoi membri soddisfino i criteri di garanzia della qualit\u00e0 e conferisce loro lo \u00abSwiss Schools Quality Label\u00bb, una certificazione che genera fiducia negli alunni, negli studenti, nei loro genitori e nelle autorit\u00e0. Le scuole FSSP possono cos\u00ec candidarsi per i mandati di formazione pubblici e chiedere il riconoscimento per singoli &#8230;<\/p>\n","protected":false},"author":1,"featured_media":19811,"parent":6296,"menu_order":0,"comment_status":"closed","ping_status":"closed","template":"","meta":{"_acf_changed":false,"_seopress_robots_primary_cat":"","_seopress_titles_title":"","_seopress_titles_desc":"","_seopress_robots_index":"","footnotes":""},"class_list":["post-6432","page","type-page","status-publish","has-post-thumbnail"],"acf":{"banner_title":"","bg_color":"rgba(0,0,0,0.29)","page_top_content":{"heading":"Le scuole FSSP sono scuole di qualit\u00e0","sub_heading":"Garanzia della qualit\u00e0","content":"<strong>I membri della Federazione svizzera delle scuole private FSSP ottemperano agli standard elevati richiesti dallo \u00abSwiss Schools Quality Label\u00bb. La loro qualit\u00e0 viene verificata regolarmente secondo sistemi di qualit\u00e0 riconosciuti a livello nazionale e internazionale oppure attraverso la procedura di garanzia della qualit\u00e0 interna alla federazione. <\/strong>","icon":19201},"custom_boxes":{"content_box":null,"contact_box":{"icon":"","title":"","description":"","phone_number":"","email_address":""}},"news_heading":""},"_links":{"self":[{"href":"https:\/\/swissschools25.ahja.biz\/it\/wp-json\/wp\/v2\/pages\/6432","targetHints":{"allow":["GET"]}}],"collection":[{"href":"https:\/\/swissschools25.ahja.biz\/it\/wp-json\/wp\/v2\/pages"}],"about":[{"href":"https:\/\/swissschools25.ahja.biz\/it\/wp-json\/wp\/v2\/types\/page"}],"author":[{"embeddable":true,"href":"https:\/\/swissschools25.ahja.biz\/it\/wp-json\/wp\/v2\/users\/1"}],"replies":[{"embeddable":true,"href":"https:\/\/swissschools25.ahja.biz\/it\/wp-json\/wp\/v2\/comments?post=6432"}],"version-history":[{"count":10,"href":"https:\/\/swissschools25.ahja.biz\/it\/wp-json\/wp\/v2\/pages\/6432\/revisions"}],"predecessor-version":[{"id":19647,"href":"https:\/\/swissschools25.ahja.biz\/it\/wp-json\/wp\/v2\/pages\/6432\/revisions\/19647"}],"up":[{"embeddable":true,"href":"https:\/\/swissschools25.ahja.biz\/it\/wp-json\/wp\/v2\/pages\/6296"}],"wp:featuredmedia":[{"embeddable":true,"href":"https:\/\/swissschools25.ahja.biz\/it\/wp-json\/wp\/v2\/media\/19811"}],"wp:attachment":[{"href":"https:\/\/swissschools25.ahja.biz\/it\/wp-json\/wp\/v2\/media?parent=6432"}],"curies":[{"name":"wp","href":"https:\/\/api.w.org\/{rel}","templated":true}]}}