{"id":6532,"date":"2022-10-02T14:24:14","date_gmt":"2022-10-02T12:24:14","guid":{"rendered":"https:\/\/swissschools25.ahja.biz\/?page_id=6532"},"modified":"2023-09-11T09:18:49","modified_gmt":"2023-09-11T07:18:49","slug":"impronta","status":"publish","type":"page","link":"https:\/\/swissschools25.ahja.biz\/it\/impronta\/","title":{"rendered":"Impronta"},"content":{"rendered":"<div class=\"entry\">\n<h3>Responsabile del contenuto<\/h3>\n<p>Federazione Svizzera delle Scuole Private (FSSP)<br \/>\nHotelgasse 1<br \/>\nCasella postale<br \/>\nCH-3001 Berna<br \/>\n+41 (0) 31 328 40 50<br \/>\n<span id=\"cloakc48498d02068b5295f1e81c3c9680d85\"><a href=\"mailto:info@swiss-schools.ch\">info@swiss-schools.ch<\/a><\/span><\/p>\n<h3>Realizzazione e design<\/h3>\n<p>Design: <a href=\"http:\/\/www.neuweiss.ch\" target=\"_blank\" rel=\"noopener\">neuweiss visuelle kommunikation<\/a><\/p>\n<p>Realizzatione\/Hosting: <a href=\"http:\/\/www.ahja.ch\/\" target=\"_blank\" rel=\"noopener\">ah,ja!<\/a><\/p>\n<h3>Garanzia<\/h3>\n<p>Ci sforziamo di fornire le informazioni pi\u00f9 corrette e aggiornate possibili. Il contenuto \u00e8 stato compilato con cura. Ciononostante, possono verificarsi degli errori. Gli autori e gli editori non si assumono alcuna garanzia e responsabilit\u00e0 per l&#8217;accuratezza, l&#8217;affidabilit\u00e0, la completezza e la tempestivit\u00e0 delle informazioni. L&#8217;uso del sito web e delle informazioni in esso contenute \u00e8 a proprio rischio e pericolo. I cambiamenti possono essere fatti in qualsiasi momento.<\/p>\n<\/div>\n","protected":false},"excerpt":{"rendered":"<p>Responsabile del contenuto Federazione Svizzera delle Scuole Private (FSSP) Hotelgasse 1 Casella postale CH-3001 Berna +41 (0) 31 328 40 50 info@swiss-schools.ch Realizzazione e design Design: neuweiss visuelle kommunikation Realizzatione\/Hosting: ah,ja! Garanzia Ci sforziamo di fornire le informazioni pi\u00f9 corrette e aggiornate possibili. Il contenuto \u00e8 stato compilato con cura. Ciononostante, possono verificarsi degli errori. &#8230;<\/p>\n","protected":false},"author":15,"featured_media":5037,"parent":0,"menu_order":0,"comment_status":"closed","ping_status":"closed","template":"","meta":{"_acf_changed":false,"_seopress_robots_primary_cat":"","_seopress_titles_title":"","_seopress_titles_desc":"","_seopress_robots_index":"","footnotes":""},"class_list":["post-6532","page","type-page","status-publish","has-post-thumbnail"],"acf":{"banner_title":"","bg_color":"rgba(43,43,43,0.8)","page_top_content":{"heading":"","sub_heading":"","content":"","icon":null},"custom_boxes":{"content_box":null,"contact_box":{"icon":null,"title":"","description":"","phone_number":"","email_address":""}},"news_heading":""},"_links":{"self":[{"href":"https:\/\/swissschools25.ahja.biz\/it\/wp-json\/wp\/v2\/pages\/6532","targetHints":{"allow":["GET"]}}],"collection":[{"href":"https:\/\/swissschools25.ahja.biz\/it\/wp-json\/wp\/v2\/pages"}],"about":[{"href":"https:\/\/swissschools25.ahja.biz\/it\/wp-json\/wp\/v2\/types\/page"}],"author":[{"embeddable":true,"href":"https:\/\/swissschools25.ahja.biz\/it\/wp-json\/wp\/v2\/users\/15"}],"replies":[{"embeddable":true,"href":"https:\/\/swissschools25.ahja.biz\/it\/wp-json\/wp\/v2\/comments?post=6532"}],"version-history":[{"count":2,"href":"https:\/\/swissschools25.ahja.biz\/it\/wp-json\/wp\/v2\/pages\/6532\/revisions"}],"predecessor-version":[{"id":10656,"href":"https:\/\/swissschools25.ahja.biz\/it\/wp-json\/wp\/v2\/pages\/6532\/revisions\/10656"}],"wp:featuredmedia":[{"embeddable":true,"href":"https:\/\/swissschools25.ahja.biz\/it\/wp-json\/wp\/v2\/media\/5037"}],"wp:attachment":[{"href":"https:\/\/swissschools25.ahja.biz\/it\/wp-json\/wp\/v2\/media?parent=6532"}],"curies":[{"name":"wp","href":"https:\/\/api.w.org\/{rel}","templated":true}]}}