{"id":9146,"date":"2021-05-20T11:30:48","date_gmt":"2021-05-20T09:30:48","guid":{"rendered":"https:\/\/swissschools25.ahja.biz\/?page_id=9146"},"modified":"2026-01-09T00:27:58","modified_gmt":"2026-01-08T23:27:58","slug":"fssp","status":"publish","type":"page","link":"https:\/\/swissschools25.ahja.biz\/it\/fssp\/","title":{"rendered":"Federazione Svizzera delle Scuole Private FSSP"},"content":{"rendered":"<div class=\"entry\">\n<p>La FSSP<\/p>\n<ul>\n<li>si adopera per migliorare le condizioni quadro a livello politico, economico e legislativo;<\/li>\n<li>si impegna per un diritto differenziato alla libera scelta scolastica;<\/li>\n<li>rivendica un sistema di finanziamento equo che pone le scuole pubbliche e private sullo stesso livello.<\/li>\n<\/ul>\n<h3>I nostri successi<\/h3>\n<p>La FSSP rappresenta e difende gli interessi delle scuole private, come dimostrano alcune delle campagne che sono state condotte.<\/p>\n<ul>\n<li><strong>Imposte<\/strong> \u2013 La FSSP si \u00e8 impegnata con successo contro l\u2019assoggettamento all\u2019IVA per gli istituti di formazione privati e a favore di deduzioni fiscali legate alla formazione.<\/li>\n<li><strong>Diritti d\u2019autore<\/strong> \u2013 La FSSP si oppone con successo alla riscossione di diritti d\u2019autore troppo elevati da parte di enti come ProLitteris e Swissimage.<\/li>\n<li><strong>Registro delle scuole private svizzere<\/strong> \u2013 La FSSP ha partecipato alla creazione del Registro delle scuole private svizzere, l\u2019unico registro ufficialmente riconosciuto dalle autorit\u00e0. Le autorit\u00e0 partono dal presupposto che le scuole che figurano nel registro adempiano ai requisiti del diritto in materia di stranieri offrendo corsi di formazione e perfezionamento confacenti.<\/li>\n<li><strong>Commissione svizzera di maturit\u00e0<\/strong> \u2013 La FSSP rappresenta gli interessi delle scuole private in seno alla Commissione svizzera di maturit\u00e0 CSM.<\/li>\n<\/ul>\n<h2>Insieme per scuole private forti<\/h2>\n<p>La FSSP \u00e8 la voce delle scuole private svizzere. Una voce che viene ascoltata. Entrate a far parte del nostro movimento, impegnatevi con noi per scuole private forti. In qualit\u00e0 di membri della FSSP, la vostra scuola beneficer\u00e0 di servizi interessanti. L&#8217;adesione rende visibile l&#8217;alta qualit\u00e0 della vostra scuola. Questo crea fiducia.<\/p>\n<\/div>\n","protected":false},"excerpt":{"rendered":"<p>La FSSP si adopera per migliorare le condizioni quadro a livello politico, economico e legislativo; si impegna per un diritto differenziato alla libera scelta scolastica; rivendica un sistema di finanziamento equo che pone le scuole pubbliche e private sullo stesso livello. I nostri successi La FSSP rappresenta e difende gli interessi delle scuole private, come &#8230;<\/p>\n","protected":false},"author":1,"featured_media":19765,"parent":0,"menu_order":0,"comment_status":"closed","ping_status":"closed","template":"template-vsp.php","meta":{"_acf_changed":false,"_seopress_robots_primary_cat":"","_seopress_titles_title":"","_seopress_titles_desc":"","_seopress_robots_index":"","footnotes":""},"class_list":["post-9146","page","type-page","status-publish","has-post-thumbnail"],"acf":{"banner_title":"","bg_color":"rgba(2,2,2,0.29)","page_top_content":{"heading":"Siamo la voce delle scuole private svizzere","sub_heading":"Federazione Svizzera delle Scuole Private FSSP","content":"L\u2019istruzione privata ha bisogno di buone condizioni quadro politiche, economiche e legislative. La Federazione svizzera delle scuole private FSSP si impegna proprio per questo. Rappresentiamo gli interessi dei nostri membri \u2013 a livello nazionale e regionale.","icon":18739},"custom_boxes":{"content_box":[{"icon":18750,"title":"Adesione","description":"Diventate subito membri della FSSP.","button":{"title":"pi\u00f9","button_type":"page","page_link":6206,"url":"","file":null}},{"icon":18746,"title":"Servizi","description":"Vi presentiamo i servizi offerti dalla FSSP.","button":{"title":"pi\u00f9","button_type":"page","page_link":6296,"url":"","file":null}},{"icon":18754,"title":"Organizzazione","description":"Vi presentiamo gli organi e i membri della FSSP.","button":{"title":"pi\u00f9","button_type":"page","page_link":6089,"url":"","file":null}}],"contact_box":{"icon":"","title":"","description":"","phone_number":"","email_address":""}},"news_heading":"News della federazione"},"_links":{"self":[{"href":"https:\/\/swissschools25.ahja.biz\/it\/wp-json\/wp\/v2\/pages\/9146","targetHints":{"allow":["GET"]}}],"collection":[{"href":"https:\/\/swissschools25.ahja.biz\/it\/wp-json\/wp\/v2\/pages"}],"about":[{"href":"https:\/\/swissschools25.ahja.biz\/it\/wp-json\/wp\/v2\/types\/page"}],"author":[{"embeddable":true,"href":"https:\/\/swissschools25.ahja.biz\/it\/wp-json\/wp\/v2\/users\/1"}],"replies":[{"embeddable":true,"href":"https:\/\/swissschools25.ahja.biz\/it\/wp-json\/wp\/v2\/comments?post=9146"}],"version-history":[{"count":21,"href":"https:\/\/swissschools25.ahja.biz\/it\/wp-json\/wp\/v2\/pages\/9146\/revisions"}],"predecessor-version":[{"id":20017,"href":"https:\/\/swissschools25.ahja.biz\/it\/wp-json\/wp\/v2\/pages\/9146\/revisions\/20017"}],"wp:featuredmedia":[{"embeddable":true,"href":"https:\/\/swissschools25.ahja.biz\/it\/wp-json\/wp\/v2\/media\/19765"}],"wp:attachment":[{"href":"https:\/\/swissschools25.ahja.biz\/it\/wp-json\/wp\/v2\/media?parent=9146"}],"curies":[{"name":"wp","href":"https:\/\/api.w.org\/{rel}","templated":true}]}}